{"id":1907,"date":"2018-06-27T09:46:14","date_gmt":"2018-06-27T07:46:14","guid":{"rendered":"https:\/\/parkkemping.hu\/?page_id=1907"},"modified":"2026-02-10T17:22:31","modified_gmt":"2026-02-10T16:22:31","slug":"kemping-arak","status":"publish","type":"page","link":"https:\/\/parkkemping.hu\/en\/kemping-arak\/","title":{"rendered":"\u00c1rak &#8211; Kemping"},"content":{"rendered":"<p>[et_pb_section fb_built=&#8221;1&#8243; custom_padding_last_edited=&#8221;on|phone&#8221; _builder_version=&#8221;3.3.1&#8243; background_color=&#8221;rgba(0,0,0,0.6)&#8221; background_image=&#8221;https:\/\/parkkemping.hu\/wp-content\/uploads\/2018\/05\/kemping_parok.jpg&#8221; background_blend=&#8221;overlay&#8221; custom_padding=&#8221;135px|0px|135px|0px|true|false&#8221; custom_padding_phone=&#8221;25px||25px||true|false&#8221;][et_pb_row custom_padding=&#8221;|||&#8221; custom_padding_tablet=&#8221;||20px|&#8221; custom_padding_phone=&#8221;60px|0px|20px|0px&#8221; custom_padding_last_edited=&#8221;off|desktop&#8221; _builder_version=&#8221;3.3.1&#8243;][et_pb_column type=&#8221;4_4&#8243; _builder_version=&#8221;3.0.47&#8243; parallax=&#8221;off&#8221; parallax_method=&#8221;on&#8221;][et_pb_text module_class=&#8221;secheader&#8221; _builder_version=&#8221;3.6&#8243; text_font=&#8221;||||||||&#8221; header_font=&#8221;Pacifico||||||||&#8221; header_text_align=&#8221;center&#8221; header_font_size_phone=&#8221;36px&#8221; header_font_size_last_edited=&#8221;on|phone&#8221; text_orientation=&#8221;center&#8221; background_layout=&#8221;dark&#8221;]<\/p>\n<h1>Park Beach Camping and Hostel<\/h1>\n<h1>CAMPING PRIcES<\/h1>\n<p>[\/et_pb_text][\/et_pb_column][\/et_pb_row][\/et_pb_section][et_pb_section fb_built=&#8221;1&#8243; admin_label=&#8221;Prices&#8221; module_id=&#8221;kemping-arak&#8221; _builder_version=&#8221;3.3.1&#8243; background_color=&#8221;#f4f4f4&#8243; custom_padding=&#8221;54px|0px|70px|0px|false|false&#8221; saved_tabs=&#8221;all&#8221;][et_pb_row make_fullwidth=&#8221;on&#8221; custom_padding=&#8221;0|0px|27px|0px|false|false&#8221; _builder_version=&#8221;3.6&#8243;][et_pb_column type=&#8221;4_4&#8243; _builder_version=&#8221;3.0.47&#8243; parallax=&#8221;off&#8221; parallax_method=&#8221;on&#8221;][et_pb_image src=&#8221;https:\/\/parkkemping.hu\/wp-content\/uploads\/2018\/06\/Park-kemping-t\u00e9rk\u00e9p_\u00faj.jpg&#8221; show_in_lightbox=&#8221;on&#8221; align=&#8221;center&#8221; _builder_version=&#8221;3.6&#8243;][\/et_pb_image][et_pb_text _builder_version=&#8221;3.6&#8243;]<\/p>\n<p style=\"text-align: center;\">for enlargement click on picture<\/p>\n<p>[\/et_pb_text][\/et_pb_column][\/et_pb_row][et_pb_row _builder_version=&#8221;3.6&#8243; global_module=&#8221;2878&#8243;][et_pb_column type=&#8221;4_4&#8243; _builder_version=&#8221;3.0.47&#8243; parallax=&#8221;off&#8221; parallax_method=&#8221;on&#8221;][et_pb_button button_url=&#8221;https:\/\/parkkemping.hu\/parcella-online-foglalas\/&#8221; url_new_window=&#8221;on&#8221; button_text=&#8221;Online Parcella foglal\u00e1s&#8221; button_alignment=&#8221;center&#8221; _builder_version=&#8221;3.6&#8243; custom_button=&#8221;on&#8221; button_text_size=&#8221;24px&#8221; button_text_color=&#8221;#ffffff&#8221; button_bg_color=&#8221;#db254c&#8221; button_border_radius=&#8221;10px&#8221; button_letter_spacing=&#8221;1px&#8221; button_font=&#8221;|600|||||||&#8221; button_icon=&#8221;%%3%%&#8221; button_text_size_phone=&#8221;20px&#8221; button_text_size_last_edited=&#8221;on|phone&#8221;][\/et_pb_button][\/et_pb_column][\/et_pb_row][et_pb_row custom_padding=&#8221;0|0px|27px|0px|false|false&#8221; _builder_version=&#8221;3.3.1&#8243; global_module=&#8221;2696&#8243;][et_pb_column type=&#8221;4_4&#8243; _builder_version=&#8221;3.0.47&#8243; parallax=&#8221;off&#8221; parallax_method=&#8221;on&#8221;][et_pb_text disabled_on=&#8221;on|off|off&#8221; module_id=&#8221;velenceito&#8221; _builder_version=&#8221;3.6&#8243; header_text_align=&#8221;center&#8221; header_text_color=&#8221;#231f20&#8243; text_orientation=&#8221;justified&#8221; max_width_last_edited=&#8221;on|phone&#8221; module_alignment=&#8221;center&#8221; custom_margin=&#8221;|||&#8221; custom_margin_last_edited=&#8221;on|desktop&#8221; custom_padding=&#8221;|||&#8221;]<\/p>\n<h2 style=\"text-align: center;\">Camping and caravan prices<\/h2>\n<p><strong>Open:<\/strong>Our campsite is open from May 1 to September 30, and our reception is open every day from 8 a.m. to 6 p.m. in the pre- and post-season (between 05.01.-05.31 and 09.01-09.30), in the high season (between 06.01-08-31) from 8 a.m. to 8 p.m. service lasts until After the reception closes, in the evening and at night, a gatekeeper ensures smooth entry and exit.<\/p>\n<p><strong>Our prices including:<\/strong> The indicated prices include VAT. There is a 300-meter beach on the waterfront of the campsite, which guests of the campsite can visit for free. It is STRICTLY FORBIDDEN to stay with a dog on the beach belonging to the campsite and to bathe in the lake!<\/p>\n<p>The prices include the use of the water blocks and kitchen of the beach and campsite!<\/p>\n<p><strong>House rules:<\/strong>logging in to the campsite for the purpose of staying or visiting assumes that our guests have become familiar with the rules of our policy and recognize its content as binding on them. <a href=\"https:\/\/parkkemping.hu\/en\/hazirend\/\">Teljes h\u00e1zirend megtekint\u00e9se&#8230;<\/a><\/p>\n<p>&nbsp;<\/p>\n<table width=\"921\" height=\"977\">\n<tbody>\n<tr>\n<td style=\"width: 644.016px;\"><strong>Camping prices<\/strong><\/td>\n<td style=\"width: 214.672px;\">Prices per night<br \/> 01.05 - 30.09<\/td>\n<td style=\"width: 214.703px;\"><\/td>\n<\/tr>\n<tr>\n<td style=\"width: 644.016px;\">\u00a0<\/td>\n<td style=\"width: 214.672px;\">\u00a0<\/td>\n<td style=\"width: 214.703px;\">\u00a0<\/td>\n<\/tr>\n<tr>\n<td style=\"width: 644.016px;\">Tent ground (for 2-10 persons)<\/td>\n<td style=\"width: 214.672px;\">5 000 Ft\/s\u00e1tor\/\u00e9j<\/td>\n<td style=\"width: 214.703px;\"><\/td>\n<\/tr>\n<tr>\n<td style=\"width: 644.016px;\">\u00a0<\/td>\n<td style=\"width: 214.672px;\">\u00a0<\/td>\n<td style=\"width: 214.703px;\">\u00a0<\/td>\n<\/tr>\n<tr>\n<td style=\"width: 644.016px;\">\u00a0<\/td>\n<td style=\"width: 214.672px;\">\u00a0<\/td>\n<td style=\"width: 214.703px;\">\u00a0<\/td>\n<\/tr>\n<tr>\n<td style=\"width: 644.016px;\">Parcella d\u00edj \u00e1ramszolg\u00e1ltat\u00e1ssal (1 lak\u00f3kocsinak\/lak\u00f3aut\u00f3nak &#8211; max. 8 f\u0151ig)<\/td>\n<td style=\"width: 214.672px;\">\u00a010 000 Ft\/parcella\/\u00e9j<\/td>\n<td style=\"width: 214.703px;\"><\/td>\n<\/tr>\n<tr>\n<td style=\"width: 644.016px;\">\u00a0<\/td>\n<td style=\"width: 214.672px;\">\u00a0<\/td>\n<td style=\"width: 214.703px;\">\u00a0<\/td>\n<\/tr>\n<tr>\n<td style=\"width: 644.016px;\">\u00a0<\/td>\n<td style=\"width: 214.672px;\">\u00a0<\/td>\n<td style=\"width: 214.703px;\">\u00a0<\/td>\n<\/tr>\n<tr>\n<td style=\"width: 644.016px;\">Accomodation fee for adults<\/td>\n<td style=\"width: 214.672px;\">3 500 Ft\/f\u0151\/\u00e9j<\/td>\n<td style=\"width: 214.703px;\"><\/td>\n<\/tr>\n<tr>\n<td style=\"width: 644.016px;\">Accomodation fee for children under 3 years<\/td>\n<td style=\"width: 214.672px;\">0 HUF<\/td>\n<td style=\"width: 214.703px;\"><\/td>\n<\/tr>\n<tr>\n<td style=\"width: 644.016px;\">Accomodation fee for children between 3-18 years\u00a0<\/td>\n<td style=\"width: 214.672px;\">2 500 Ft\/f\u0151\/\u00e9j<\/td>\n<td style=\"width: 214.703px;\"><\/td>\n<\/tr>\n<tr>\n<td style=\"width: 644.016px;\">\u00a0<\/td>\n<td style=\"width: 214.672px;\">\u00a0<\/td>\n<td style=\"width: 214.703px;\">\u00a0<\/td>\n<\/tr>\n<tr>\n<td style=\"width: 644.016px;\">\u00a0<\/td>\n<td style=\"width: 214.672px;\">\u00a0<\/td>\n<td style=\"width: 214.703px;\">\u00a0<\/td>\n<\/tr>\n<tr>\n<td style=\"width: 644.016px;\">local TAX<\/td>\n<td style=\"width: 214.672px;\">600 Ft\/f\u0151\/\u00e9j<\/td>\n<td style=\"width: 214.703px;\"><\/td>\n<\/tr>\n<tr>\n<td style=\"width: 644.016px;\">Dogs<\/td>\n<td style=\"width: 214.672px;\">2000 HUF\/dog\/night (dogs are only at the campsite allowed, they not permitted to run on the beach or bath in the lake!)<\/td>\n<td style=\"width: 214.703px;\"><\/td>\n<\/tr>\n<tr>\n<td style=\"width: 644.016px;\">Cars<\/td>\n<td style=\"width: 214.672px;\">2000 HUF\/car\/night<\/td>\n<td style=\"width: 214.703px;\"><\/td>\n<\/tr>\n<tr>\n<td style=\"width: 644.016px;\">Motorbikes<\/td>\n<td style=\"width: 214.672px;\">\n<p>1000 HUF\/motorbike\/night<\/p>\n<\/td>\n<td style=\"width: 214.703px;\"><\/td>\n<\/tr>\n<tr>\n<td style=\"width: 644.016px;\">\n<p>Bicycles                                  0 HUF<\/p>\n<p>\u00a0Lockup fridge aperture   2000 HUF\/apert.\/night<\/p>\n<p>Bogr\u00e1cs szett (bogr\u00e1cs, \u00e1llv\u00e1ny):\u00a0 \u00a0 \u00a0 \u00a0 \u00a0 \u00a0 \u00a0 \u00a0 \u00a0 \u00a0 \u00a0 \u00a0 \u00a0 \u00a0 \u00a0 \u00a0 \u00a0 \u00a0 \u00a0 \u00a04500 Ft\/garnit\u00fara\/alkalom (1 alkalom max. 8 \u00f3ra &#8211; t\u0171zif\u00e1t nem tartalmaz!)<\/p>\n<p>Bench garniture (2 benches, 1 desk): 2000 HUF\/ocassion (max 8 hours)<\/p>\n<p>&nbsp;<\/p>\n<\/td>\n<td style=\"width: 214.672px;\">\n<p>&nbsp;<\/p>\n<p>&nbsp;<\/p>\n<\/td>\n<td style=\"width: 214.703px;\"><\/td>\n<\/tr>\n<tr>\n<td style=\"width: 644.016px;\">\n<p>\u00a0<strong>Our camping guests can enter the Park Strand area free of charge!<\/strong><\/p>\n<p><strong><span>We would like to draw your attention to the fact that as of September 1, 2021, it is mandatory to scan the guest's identity document and address card during check-in at all accommodations in Hungary. Therefore, we are obliged to request these documents from each hotel guest (including the documents of infants), in the absence of which we unfortunately have to refuse the accommodation service!<\/span><\/strong><\/p>\n<\/td>\n<td style=\"width: 214.672px;\">\u00a0<\/td>\n<td style=\"width: 214.703px;\">\u00a0<\/td>\n<\/tr>\n<\/tbody>\n<\/table>\n<p>[\/et_pb_text][et_pb_text disabled_on=&#8221;off|on|on&#8221; module_id=&#8221;velenceito&#8221; _builder_version=&#8221;3.6&#8243; header_text_align=&#8221;center&#8221; header_text_color=&#8221;#231f20&#8243; header_line_height=&#8221;1.8em&#8221; max_width_last_edited=&#8221;on|phone&#8221; module_alignment=&#8221;center&#8221; custom_margin=&#8221;|||&#8221; custom_margin_tablet=&#8221;20px||20px|&#8221; custom_margin_last_edited=&#8221;off|desktop&#8221; custom_padding=&#8221;|||&#8221;]<\/p>\n<h2 style=\"text-align: center;\">Kemping \u00c1rak<\/h2>\n<p><strong>Open:<\/strong>Our campsite is open from May 1 to September 30, and our reception is open every day from 8 a.m. to 6 p.m. in the pre- and post-season (between 05.01.-05.31 and 09.01-09.30), in the high season (between 06.01-08-31) from 8 a.m. to 8 p.m. service lasts until After the reception closes, in the evening and at night, a gatekeeper ensures smooth entry and exit.<\/p>\n<p><strong>Our prices including:<\/strong> A felt\u00fcntetett \u00e1rak az \u00c1FA-t tartalmazz\u00e1k. A kemping v\u00edzpartj\u00e1n 300 m\u00e9teres strand tal\u00e1lhat\u00f3, amelyet a kemping vend\u00e9gei ingyenesen l\u00e1togathatnak. Amennyiben kuty\u00e1val \u00e9rkeztek a kempingbe \u00e9s a kis\u00e1llat felt\u00fcntetett d\u00edj\u00e1t is megv\u00e1ltj\u00e1tok. A kijel\u00f6lt strand ter\u00fclet\u00e9n azonban kuty\u00e1val tart\u00f3zkodni, f\u00fcrdetni SZIGOR\u00daAN TILOS!<\/p>\n<p>The prices include the use of the water blocks and kitchen of the beach and campsite!<\/p>\n<p><strong>House rules:<\/strong>logging in to the campsite for the purpose of staying or visiting assumes that our guests have become familiar with the rules of our policy and recognize its content as binding on them. <a href=\"https:\/\/parkkemping.hu\/en\/hazirend\/\">Teljes h\u00e1zirend megtekint\u00e9se&#8230;<\/a><\/p>\n<blockquote>\n<p><span><strong><\/strong><\/span><\/p>\n<\/blockquote>\n<p>[\/et_pb_text][et_pb_toggle title=&#8221;Kemping \u00c1rak (05.01-09.30)&#8221; open_toggle_text_color=&#8221;#5da58d&#8221; closed_toggle_text_color=&#8221;#443d3d&#8221; icon_color=&#8221;#5da58d&#8221; disabled_on=&#8221;off|on|on&#8221; _builder_version=&#8221;3.6&#8243; title_font=&#8221;PT Sans Caption|700|||||||&#8221; title_font_size=&#8221;15px&#8221; title_line_height=&#8221;1.5em&#8221; text_orientation=&#8221;left&#8221; module_alignment=&#8221;center&#8221; custom_margin=&#8221;10px|||&#8221;]<\/p>\n<p><strong>S\u00e1tor ter\u00fcletd\u00edj <\/strong>(2-10 szem\u00e9lyes): 5 000 Ft\/\u00e9j<\/p>\n<p><strong>Parcella d\u00edj<\/strong> \u00e1ramszolg\u00e1ltat\u00e1ssal (1 lak\u00f3kocsinak\/lak\u00f3aut\u00f3nak &#8211; max. 8 f\u0151ig) 10 000\u00a0Ft\/\u00e9j<\/p>\n<p><strong>Feln\u0151tt sz\u00e1ll\u00e1sd\u00edj:<\/strong>\u00a03 500 Ft\/\u00e9j<\/p>\n<p><strong>3 \u00e9v alatti sz\u00e1ll\u00e1sd\u00edj:<\/strong> 0 Ft\/\u00e9j<\/p>\n<p><strong>3-18 \u00e9v k\u00f6z\u00f6ttiek sz\u00e1ll\u00e1sd\u00edja:<\/strong>\u00a02 500 Ft\/\u00e9j<\/p>\n<p><strong>Idegenforgalmi ad\u00f3 (IFA) 18 \u00e9ven fel\u00fcleik r\u00e9sz\u00e9re:<\/strong>\u00a0600 Ft\/\u00e9j<\/p>\n<p><strong>Kutya:<\/strong>\u00a02000 Ft\/\u00e9j<\/p>\n<p><strong>Aut\u00f3 parkol\u00e1s:<\/strong>\u00a02000 Ft\/\u00e9j<\/p>\n<p><strong>Motor parkol\u00e1s:<\/strong>\u00a01000 Ft\/\u00e9j<\/p>\n<p><strong>Ker\u00e9kp\u00e1r parkol\u00e1s:<\/strong> 0 Ft\/\u00e9j<\/p>\n<p><strong>Z\u00e1rhat\u00f3 h\u0171t\u0151szekr\u00e9ny rekesz:<\/strong>\u00a02000 Ft\/rekesz\/\u00e9j<\/p>\n<p><strong>Bogr\u00e1cs szett (bogr\u00e1cs, \u00e1llv\u00e1ny):<\/strong> 4500 Ft\/garnit\u00fara\/alkalom (1 alkalom max. 8 \u00f3ra &#8211; t\u0171zif\u00e1t nem tartalmaz!)<\/p>\n<p><strong>S\u00f6rpad garnit\u00fara (2 pad, 1 asztal):<\/strong>\u00a02000 Ft\/garnit\u00fara\/alkalom (1 alkalom max. 8 \u00f3ra)<\/p>\n<p><span><strong>Kemping vend\u00e9geink d\u00edjmentesen l\u00e9phetnek be a Park Strand ter\u00fclet\u00e9re!<\/strong><\/span><\/p>\n<p><span><strong>We would like to draw your attention to the fact that as of September 1, 2021, it is mandatory to scan the guest's identity document and address card during check-in at all accommodations in Hungary. Therefore, we are obliged to request these documents from each hotel guest (including the documents of infants), in the absence of which we unfortunately have to refuse the accommodation service!<\/strong><\/span><\/p>\n<p>[\/et_pb_toggle][\/et_pb_column][\/et_pb_row][et_pb_row _builder_version=&#8221;3.6&#8243; global_module=&#8221;2878&#8243;][et_pb_column type=&#8221;4_4&#8243; _builder_version=&#8221;3.0.47&#8243; parallax=&#8221;off&#8221; parallax_method=&#8221;on&#8221;][et_pb_button button_url=&#8221;https:\/\/parkkemping.hu\/parcella-online-foglalas\/&#8221; url_new_window=&#8221;on&#8221; button_text=&#8221;Online Parcella foglal\u00e1s&#8221; button_alignment=&#8221;center&#8221; _builder_version=&#8221;3.6&#8243; custom_button=&#8221;on&#8221; button_text_size=&#8221;24px&#8221; button_text_color=&#8221;#ffffff&#8221; button_bg_color=&#8221;#db254c&#8221; button_border_radius=&#8221;10px&#8221; button_letter_spacing=&#8221;1px&#8221; button_font=&#8221;|600|||||||&#8221; button_icon=&#8221;%%3%%&#8221; button_text_size_phone=&#8221;20px&#8221; button_text_size_last_edited=&#8221;on|phone&#8221;][\/et_pb_button][\/et_pb_column][\/et_pb_row][\/et_pb_section]<\/p>","protected":false},"excerpt":{"rendered":"<p>[et_pb_section fb_built=&#8221;1&#8243; custom_padding_last_edited=&#8221;on|phone&#8221; _builder_version=&#8221;3.3.1&#8243; background_color=&#8221;rgba(0,0,0,0.6)&#8221; background_image=&#8221;https:\/\/parkkemping.hu\/wp-content\/uploads\/2018\/05\/kemping_parok.jpg&#8221; background_blend=&#8221;overlay&#8221; custom_padding=&#8221;135px|0px|135px|0px|true|false&#8221; custom_padding_phone=&#8221;25px||25px||true|false&#8221;][et_pb_row custom_padding=&#8221;|||&#8221; custom_padding_tablet=&#8221;||20px|&#8221; custom_padding_phone=&#8221;60px|0px|20px|0px&#8221; custom_padding_last_edited=&#8221;off|desktop&#8221; _builder_version=&#8221;3.3.1&#8243;][et_pb_column type=&#8221;4_4&#8243; _builder_version=&#8221;3.0.47&#8243; parallax=&#8221;off&#8221; parallax_method=&#8221;on&#8221;][et_pb_text module_class=&#8221;secheader&#8221; _builder_version=&#8221;3.6&#8243; text_font=&#8221;||||||||&#8221; header_font=&#8221;Pacifico||||||||&#8221; header_text_align=&#8221;center&#8221; header_font_size_phone=&#8221;36px&#8221; header_font_size_last_edited=&#8221;on|phone&#8221; text_orientation=&#8221;center&#8221; background_layout=&#8221;dark&#8221;] Park Strand Kemping \u00e9s Hostel Kemping \u00e1rak [\/et_pb_text][\/et_pb_column][\/et_pb_row][\/et_pb_section][et_pb_section fb_built=&#8221;1&#8243; admin_label=&#8221;Prices&#8221; module_id=&#8221;kemping-arak&#8221; _builder_version=&#8221;3.3.1&#8243; background_color=&#8221;#f4f4f4&#8243; custom_padding=&#8221;54px|0px|70px|0px|false|false&#8221; saved_tabs=&#8221;all&#8221;][et_pb_row make_fullwidth=&#8221;on&#8221; custom_padding=&#8221;0|0px|27px|0px|false|false&#8221; _builder_version=&#8221;3.6&#8243;][et_pb_column type=&#8221;4_4&#8243; _builder_version=&#8221;3.0.47&#8243; parallax=&#8221;off&#8221; parallax_method=&#8221;on&#8221;][et_pb_image src=&#8221;https:\/\/parkkemping.hu\/wp-content\/uploads\/2018\/06\/Park-kemping-t\u00e9rk\u00e9p_\u00faj.jpg&#8221; show_in_lightbox=&#8221;on&#8221; align=&#8221;center&#8221; _builder_version=&#8221;3.6&#8243;][\/et_pb_image][et_pb_text _builder_version=&#8221;3.6&#8243;] (Nagy\u00edt\u00e1shoz [&hellip;]<\/p>","protected":false},"author":9,"featured_media":0,"parent":0,"menu_order":0,"comment_status":"closed","ping_status":"closed","template":"","meta":[],"_links":{"self":[{"href":"https:\/\/parkkemping.hu\/en\/wp-json\/wp\/v2\/pages\/1907"}],"collection":[{"href":"https:\/\/parkkemping.hu\/en\/wp-json\/wp\/v2\/pages"}],"about":[{"href":"https:\/\/parkkemping.hu\/en\/wp-json\/wp\/v2\/types\/page"}],"author":[{"embeddable":true,"href":"https:\/\/parkkemping.hu\/en\/wp-json\/wp\/v2\/users\/9"}],"replies":[{"embeddable":true,"href":"https:\/\/parkkemping.hu\/en\/wp-json\/wp\/v2\/comments?post=1907"}],"version-history":[{"count":44,"href":"https:\/\/parkkemping.hu\/en\/wp-json\/wp\/v2\/pages\/1907\/revisions"}],"predecessor-version":[{"id":3973,"href":"https:\/\/parkkemping.hu\/en\/wp-json\/wp\/v2\/pages\/1907\/revisions\/3973"}],"wp:attachment":[{"href":"https:\/\/parkkemping.hu\/en\/wp-json\/wp\/v2\/media?parent=1907"}],"curies":[{"name":"wp","href":"https:\/\/api.w.org\/{rel}","templated":true}]}}