{"id":1953,"date":"2018-06-27T10:16:34","date_gmt":"2018-06-27T08:16:34","guid":{"rendered":"https:\/\/parkkemping.hu\/?page_id=1953"},"modified":"2025-05-07T11:47:07","modified_gmt":"2025-05-07T09:47:07","slug":"strand-arak","status":"publish","type":"page","link":"https:\/\/parkkemping.hu\/en\/strand-arak\/","title":{"rendered":"\u00c1rak &#8211; Strand"},"content":{"rendered":"<p>[et_pb_section fb_built=&#8221;1&#8243; custom_padding_last_edited=&#8221;on|phone&#8221; _builder_version=&#8221;3.6&#8243; background_color=&#8221;rgba(0,0,0,0.6)&#8221; background_image=&#8221;https:\/\/parkkemping.hu\/wp-content\/uploads\/2018\/05\/park_strand_kemping.jpg&#8221; background_blend=&#8221;overlay&#8221; custom_padding=&#8221;135px|0px|135px|0px|true|false&#8221; custom_padding_phone=&#8221;25px||25px||true|false&#8221;][et_pb_row custom_padding=&#8221;|||&#8221; custom_padding_tablet=&#8221;||20px|&#8221; custom_padding_phone=&#8221;60px|0px|20px|0px&#8221; custom_padding_last_edited=&#8221;off|desktop&#8221; _builder_version=&#8221;3.3.1&#8243;][et_pb_column type=&#8221;4_4&#8243; _builder_version=&#8221;3.0.47&#8243; parallax=&#8221;off&#8221; parallax_method=&#8221;on&#8221;][et_pb_text module_class=&#8221;secheader&#8221; _builder_version=&#8221;3.6&#8243; text_font=&#8221;||||||||&#8221; header_font=&#8221;Pacifico||||||||&#8221; header_text_align=&#8221;center&#8221; header_font_size_phone=&#8221;36px&#8221; header_font_size_last_edited=&#8221;on|phone&#8221; text_orientation=&#8221;center&#8221; background_layout=&#8221;dark&#8221;]<\/p>\n<h1>Park Beach Camping and Hostel<\/h1>\n<h1>Beach prices<\/h1>\n<p>[\/et_pb_text][\/et_pb_column][\/et_pb_row][\/et_pb_section][et_pb_section fb_built=&#8221;1&#8243; module_id=&#8221;strand-arak&#8221; _builder_version=&#8221;3.3.1&#8243; background_color=&#8221;#f4f4f4&#8243; custom_padding=&#8221;40px|0px|54px|0px|false|false&#8221; saved_tabs=&#8221;all&#8221;][et_pb_row make_fullwidth=&#8221;on&#8221; custom_padding=&#8221;0|0px|27px|0px|false|false&#8221; _builder_version=&#8221;3.6&#8243;][et_pb_column type=&#8221;4_4&#8243; _builder_version=&#8221;3.0.47&#8243; parallax=&#8221;off&#8221; parallax_method=&#8221;on&#8221;][et_pb_image src=&#8221;https:\/\/parkkemping.hu\/wp-content\/uploads\/2018\/06\/Park-kemping-t\u00e9rk\u00e9p_\u00faj.jpg&#8221; show_in_lightbox=&#8221;on&#8221; align=&#8221;center&#8221; _builder_version=&#8221;3.6&#8243;][\/et_pb_image][et_pb_text _builder_version=&#8221;3.6&#8243;]<\/p>\n<p style=\"text-align: center;\">for enlargement click on picture<\/p>\n<p>[\/et_pb_text][\/et_pb_column][\/et_pb_row][et_pb_row custom_padding=&#8221;0|0px|27px|0px|false|false&#8221; module_id=&#8221;arak&#8221; _builder_version=&#8221;3.2.2&#8243;][et_pb_column type=&#8221;4_4&#8243; _builder_version=&#8221;3.0.47&#8243; parallax=&#8221;off&#8221; parallax_method=&#8221;on&#8221;][et_pb_text disabled_on=&#8221;off|off|off&#8221; module_id=&#8221;velenceito&#8221; _builder_version=&#8221;3.6&#8243; text_font=&#8221;PT Sans Caption||||||||&#8221; header_text_align=&#8221;center&#8221; header_text_color=&#8221;#231f20&#8243; max_width_tablet=&#8221;88%&#8221; max_width_phone=&#8221;80%&#8221; max_width_last_edited=&#8221;on|phone&#8221; module_alignment=&#8221;center&#8221; custom_margin=&#8221;10px|50px|20px|50px&#8221; custom_margin_tablet=&#8221;20px||20px|&#8221; custom_margin_last_edited=&#8221;on|phone&#8221; custom_padding=&#8221;|||&#8221;]<\/p>\n<h2 style=\"text-align: center;\">Beach ticket and season ticket prices<\/h2>\n<table class=\"aligncenter\" style=\"width: 1365px;\">\n<tbody>\n<tr>\n<td style=\"width: 244px;\"><\/td>\n<td style=\"width: 270px;\" colspan=\"2\">\u00a0 \u00a0 \u00a0 \u00a0 \u00a0\u00a0<\/td>\n<td style=\"width: 397px;\" colspan=\"2\">\u00a0 \u00a0 \u00a0 \u00a0 \u00a0 \u00a0 \u00a0\u00a0<\/td>\n<\/tr>\n<tr>\n<td style=\"width: 244px;\"><\/td>\n<td style=\"width: 144.906px;\">whole day<\/td>\n<td style=\"width: 125.094px;\"><\/td>\n<td style=\"width: 148px;\"><\/td>\n<td style=\"width: 249px;\"><\/td>\n<\/tr>\n<tr>\n<td style=\"width: 244px;\">Adult<\/td>\n<td style=\"width: 144.906px;\">1 200 Ft<\/td>\n<td style=\"width: 125.094px;\"><\/td>\n<td style=\"width: 148px;\"><\/td>\n<td style=\"width: 249px;\"><\/td>\n<\/tr>\n<tr>\n<td style=\"width: 244px;\">Student, retired<\/td>\n<td style=\"width: 144.906px;\">800 Ft<\/td>\n<td style=\"width: 125.094px;\"><\/td>\n<td style=\"width: 148px;\"><\/td>\n<td style=\"width: 249px;\"><\/td>\n<\/tr>\n<tr>\n<td style=\"width: 244px;\">Gyermek (3-14 \u00e9ves)<\/td>\n<td style=\"width: 144.906px;\">600 Ft<\/td>\n<td style=\"width: 125.094px;\"><\/td>\n<td style=\"width: 148px;\"><\/td>\n<td style=\"width: 249px;\"><\/td>\n<\/tr>\n<tr>\n<td style=\"width: 244px;\"><\/td>\n<td style=\"width: 144.906px;\"><\/td>\n<td style=\"width: 125.094px;\"><\/td>\n<td style=\"width: 148px;\"><\/td>\n<td style=\"width: 249px;\"><\/td>\n<\/tr>\n<tr>\n<td style=\"width: 244px;\">Discounted adult<\/td>\n<td style=\"width: 144.906px;\">600 Ft<\/td>\n<td style=\"width: 125.094px;\"><\/td>\n<td style=\"width: 148px;\"><\/td>\n<td style=\"width: 249px;\"><\/td>\n<\/tr>\n<tr>\n<td style=\"width: 244px;\">Discounted student, retired<\/td>\n<td style=\"width: 144.906px;\">600 Ft<\/td>\n<td style=\"width: 125.094px;\"><\/td>\n<td style=\"width: 148px;\"><\/td>\n<td style=\"width: 249px;\"><\/td>\n<\/tr>\n<tr>\n<td style=\"width: 244px;\">Discounted Children (between 3 and 14 years)<\/td>\n<td style=\"width: 144.906px;\">300 Ft<\/td>\n<td style=\"width: 125.094px;\"><\/td>\n<td style=\"width: 148px;\"><\/td>\n<td style=\"width: 249px;\"><\/td>\n<\/tr>\n<\/tbody>\n<\/table>\n<table class=\"aligncenter\" style=\"height: 9px;\" width=\"7\">\n<tbody>\n<tr>\n<td width=\"142\"><\/td>\n<td colspan=\"2\" width=\"128\"><\/td>\n<td style=\"text-align: left;\" colspan=\"2\" width=\"128\"><\/td>\n<\/tr>\n<\/tbody>\n<\/table>\n<p>[\/et_pb_text][et_pb_text _builder_version=&#8221;3.6&#8243;]<\/p>\n<table width=\"322\">\n<tbody>\n<tr>\n<td width=\"175\"><\/td>\n<td width=\"147\">Season tickets<\/td>\n<\/tr>\n<tr>\n<td>Adult<\/td>\n<td>12 000 Ft<\/td>\n<\/tr>\n<tr>\n<td>Student, retired<\/td>\n<td>8000 HUF<\/td>\n<\/tr>\n<tr>\n<td width=\"175\">Child (betveen 3 and 14 years)<\/td>\n<td>6000 HUF<\/td>\n<\/tr>\n<tr>\n<td width=\"175\">Discounted adult<\/td>\n<td>6000 HUF<\/td>\n<\/tr>\n<tr>\n<td width=\"175\">Discounted student, retired<\/td>\n<td>6000 HUF<\/td>\n<\/tr>\n<tr>\n<td width=\"175\">Discounted Children (between 3 and 14 years)<\/td>\n<td>3 000 Ft<\/td>\n<\/tr>\n<\/tbody>\n<\/table>\n<p>[\/et_pb_text][et_pb_text _builder_version=&#8221;3.6&#8243; text_font_size=&#8221;15px&#8221; custom_margin=&#8221;|||&#8221; custom_padding=&#8221;20px|||&#8221;]<\/p>\n<p style=\"text-align: center;\">Payment: cash, debit- or credit cards, Sz\u00e9chenyi Relax Cards)<\/p>\n<p style=\"text-align: center;\">Online ticket purchase\u00a0<strong><a href=\"https:\/\/gardonyistrandok.city-pay.hu\/\">https:\/\/gardonyistrandok.city-pay.hu\/<\/a><\/strong><\/p>\n<p style=\"text-align: center;\"><strong>From the 2021 season, resort owners can also use the discounted \"Local residents\" passes! About this<\/strong><strong>\u00a0more <a href=\"https:\/\/parkkemping.hu\/en\/tajekoztato_kedvezmenyes_strandberlet\/\">here<\/a> you can find!<\/strong><\/p>\n<p style=\"text-align: center;\"><strong>Dogs are not allowed on the Park Beach!\u00a0<\/strong><\/p>\n<p>[\/et_pb_text][\/et_pb_column][\/et_pb_row][\/et_pb_section]<\/p>","protected":false},"excerpt":{"rendered":"<p>[et_pb_section fb_built=&#8221;1&#8243; custom_padding_last_edited=&#8221;on|phone&#8221; _builder_version=&#8221;3.6&#8243; background_color=&#8221;rgba(0,0,0,0.6)&#8221; background_image=&#8221;https:\/\/parkkemping.hu\/wp-content\/uploads\/2018\/05\/park_strand_kemping.jpg&#8221; background_blend=&#8221;overlay&#8221; custom_padding=&#8221;135px|0px|135px|0px|true|false&#8221; custom_padding_phone=&#8221;25px||25px||true|false&#8221;][et_pb_row custom_padding=&#8221;|||&#8221; custom_padding_tablet=&#8221;||20px|&#8221; custom_padding_phone=&#8221;60px|0px|20px|0px&#8221; custom_padding_last_edited=&#8221;off|desktop&#8221; _builder_version=&#8221;3.3.1&#8243;][et_pb_column type=&#8221;4_4&#8243; _builder_version=&#8221;3.0.47&#8243; parallax=&#8221;off&#8221; parallax_method=&#8221;on&#8221;][et_pb_text module_class=&#8221;secheader&#8221; _builder_version=&#8221;3.6&#8243; text_font=&#8221;||||||||&#8221; header_font=&#8221;Pacifico||||||||&#8221; header_text_align=&#8221;center&#8221; header_font_size_phone=&#8221;36px&#8221; header_font_size_last_edited=&#8221;on|phone&#8221; text_orientation=&#8221;center&#8221; background_layout=&#8221;dark&#8221;] Park Strand Kemping \u00e9s Hostel Strand \u00e1rak [\/et_pb_text][\/et_pb_column][\/et_pb_row][\/et_pb_section][et_pb_section fb_built=&#8221;1&#8243; module_id=&#8221;strand-arak&#8221; _builder_version=&#8221;3.3.1&#8243; background_color=&#8221;#f4f4f4&#8243; custom_padding=&#8221;40px|0px|54px|0px|false|false&#8221; saved_tabs=&#8221;all&#8221;][et_pb_row make_fullwidth=&#8221;on&#8221; custom_padding=&#8221;0|0px|27px|0px|false|false&#8221; _builder_version=&#8221;3.6&#8243;][et_pb_column type=&#8221;4_4&#8243; _builder_version=&#8221;3.0.47&#8243; parallax=&#8221;off&#8221; parallax_method=&#8221;on&#8221;][et_pb_image src=&#8221;https:\/\/parkkemping.hu\/wp-content\/uploads\/2018\/06\/Park-kemping-t\u00e9rk\u00e9p_\u00faj.jpg&#8221; show_in_lightbox=&#8221;on&#8221; align=&#8221;center&#8221; _builder_version=&#8221;3.6&#8243;][\/et_pb_image][et_pb_text _builder_version=&#8221;3.6&#8243;] (Nagy\u00edt\u00e1shoz kattints [&hellip;]<\/p>","protected":false},"author":8,"featured_media":0,"parent":0,"menu_order":0,"comment_status":"closed","ping_status":"closed","template":"","meta":[],"_links":{"self":[{"href":"https:\/\/parkkemping.hu\/en\/wp-json\/wp\/v2\/pages\/1953"}],"collection":[{"href":"https:\/\/parkkemping.hu\/en\/wp-json\/wp\/v2\/pages"}],"about":[{"href":"https:\/\/parkkemping.hu\/en\/wp-json\/wp\/v2\/types\/page"}],"author":[{"embeddable":true,"href":"https:\/\/parkkemping.hu\/en\/wp-json\/wp\/v2\/users\/8"}],"replies":[{"embeddable":true,"href":"https:\/\/parkkemping.hu\/en\/wp-json\/wp\/v2\/comments?post=1953"}],"version-history":[{"count":24,"href":"https:\/\/parkkemping.hu\/en\/wp-json\/wp\/v2\/pages\/1953\/revisions"}],"predecessor-version":[{"id":3919,"href":"https:\/\/parkkemping.hu\/en\/wp-json\/wp\/v2\/pages\/1953\/revisions\/3919"}],"wp:attachment":[{"href":"https:\/\/parkkemping.hu\/en\/wp-json\/wp\/v2\/media?parent=1953"}],"curies":[{"name":"wp","href":"https:\/\/api.w.org\/{rel}","templated":true}]}}