{"id":2210,"date":"2018-07-24T14:08:33","date_gmt":"2018-07-24T12:08:33","guid":{"rendered":"https:\/\/parkkemping.hu\/?page_id=2210"},"modified":"2021-04-27T11:37:29","modified_gmt":"2021-04-27T09:37:29","slug":"szabadidos-programok","status":"publish","type":"page","link":"https:\/\/parkkemping.hu\/en\/szabadidos-programok\/","title":{"rendered":"Freetime activities"},"content":{"rendered":"<p>[et_pb_section fb_built=&#8221;1&#8243; admin_label=&#8221;Header&#8221; _builder_version=&#8221;3.6&#8243; background_color=&#8221;rgba(0,0,0,0.6)&#8221; background_image=&#8221;https:\/\/parkkemping.hu\/wp-content\/uploads\/2018\/07\/kemping11.jpg&#8221; background_blend=&#8221;overlay&#8221; custom_padding=&#8221;135px|0px|135px|0px|true&#8221;][et_pb_row custom_padding=&#8221;|||&#8221; custom_padding_phone=&#8221;50px|0px|50px|0px&#8221; custom_padding_last_edited=&#8221;off|desktop&#8221; admin_label=&#8221;row&#8221; _builder_version=&#8221;3.2.2&#8243; background_position=&#8221;bottom_center&#8221;][et_pb_column type=&#8221;4_4&#8243; _builder_version=&#8221;3.0.47&#8243; parallax=&#8221;off&#8221; parallax_method=&#8221;on&#8221;][et_pb_text admin_label=&#8221;Text&#8221; _builder_version=&#8221;3.6&#8243; text_font=&#8221;||||||||&#8221; header_font=&#8221;Pacifico||||||||&#8221; header_text_color=&#8221;#ffffff&#8221; header_font_size_phone=&#8221;36px&#8221; header_font_size_last_edited=&#8221;off|desktop&#8221;]<\/p>\n<h1 style=\"text-align: center;\">Freetime activities Lake Velence<\/h1>\n<p>[\/et_pb_text][\/et_pb_column][\/et_pb_row][\/et_pb_section][et_pb_section fb_built=&#8221;1&#8243; _builder_version=&#8221;3.6&#8243; custom_padding=&#8221;30px|0px|19px|0px|false|false&#8221;][et_pb_row custom_padding=&#8221;27px|0px|14px|0px|false|false&#8221; _builder_version=&#8221;3.6&#8243;][et_pb_column type=&#8221;4_4&#8243; _builder_version=&#8221;3.0.47&#8243; parallax=&#8221;off&#8221; parallax_method=&#8221;on&#8221;][et_pb_text _builder_version=&#8221;3.6&#8243;]&nbsp;<\/p>\n<h2>1. Cycling around Lake Venice<\/h2>\n<p><span style=\"font-weight: 400;\">If you like active programs, then jump into the saddle and ride around Lake Venice! What is especially good news is that you can cycle along the designated road around the lake! At a comfortable pace, you can get around in up to four hours, and you can even have a refreshment or even an ice cream! What's more, you don't need any special training, since you can ride on flat terrain all the way.<\/span><\/p>\n<p><a href=\"http:\/\/www.gesztenyebicikli.hu\">\u00a0Bicycle Rental Gesztenye<\/a><\/p>\n<p class=\"section_title section_title_big\"><a href=\"http:\/\/www.tekerbringa.hu\">Bicycle Rental Teker<\/a><\/p>\n<p class=\"section_title section_title_big\"><a href=\"http:\/\/www.rentabikevelence.hu\">Rent a Cruiser Bike<\/a><\/p>\n<p>[\/et_pb_text][\/et_pb_column][\/et_pb_row][et_pb_row custom_padding=&#8221;12px|0px|14px|0px|false|false&#8221; _builder_version=&#8221;3.6&#8243;][et_pb_column type=&#8221;4_4&#8243; _builder_version=&#8221;3.0.47&#8243; parallax=&#8221;off&#8221; parallax_method=&#8221;on&#8221;][et_pb_code _builder_version=&#8221;3.6&#8243; text_orientation=&#8221;center&#8221;]&lt;iframe width=&quot;560&quot; height=&quot;315&quot; src=&quot;https:\/\/www.youtube.com\/embed\/ZwhCJSiD8nE?rel=0&quot; frameborder=&quot;0&quot; allow=&quot;autoplay; encrypted-media&quot; allowfullscreen&gt;&lt;\/iframe&gt;[\/et_pb_code][\/et_pb_column][\/et_pb_row][\/et_pb_section][et_pb_section fb_built=&#8221;1&#8243; _builder_version=&#8221;3.6&#8243; custom_padding=&#8221;13px|0px|30px|0px|false|false&#8221;][et_pb_row custom_padding=&#8221;12px|0px|14px|0px|false|false&#8221; _builder_version=&#8221;3.6&#8243;][et_pb_column type=&#8221;4_4&#8243; _builder_version=&#8221;3.0.47&#8243; parallax=&#8221;off&#8221; parallax_method=&#8221;on&#8221;][et_pb_text _builder_version=&#8221;3.6&#8243;]&nbsp;<\/p>\n<h2>2. SUP (Stand up puddle surf)<\/h2>\n<p><span style=\"font-weight: 400;\">Love at first sight... <\/span><span style=\"font-weight: 400;\">The water sport called Stand Up Paddle (SUP for short) is the latest craze that you can try at Lake Venice. It is guaranteed to work all your muscles and, by the way, it is also an excellent recreational sport. You can paddle casually, staring at the shore, or go all out around the reeds. It is a perfect choice as a complement to any other sport, but also independently<\/span><\/p>\n<p><a href=\"http:\/\/www.surfcore.hu\/\">Surf Core Surf rental<\/a><\/p>\n<p><a href=\"http:\/\/www.sarkanyhajovelence.hu\">Velence TUTU sport<\/a><\/p>\n<p>&nbsp;<br \/>\n[\/et_pb_text][\/et_pb_column][\/et_pb_row][et_pb_row custom_padding=&#8221;12px|0px|14px|0px|false|false&#8221; _builder_version=&#8221;3.6&#8243;][et_pb_column type=&#8221;4_4&#8243; _builder_version=&#8221;3.0.47&#8243; parallax=&#8221;off&#8221; parallax_method=&#8221;on&#8221;][et_pb_code _builder_version=&#8221;3.6&#8243; text_orientation=&#8221;center&#8221;]&lt;iframe width=&quot;560&quot; height=&quot;315&quot; src=&quot;https:\/\/www.youtube.com\/embed\/4MQg3tWCGZI&quot; frameborder=&quot;0&quot; allow=&quot;autoplay; encrypted-media&quot; allowfullscreen&gt;&lt;\/iframe&gt;[\/et_pb_code][\/et_pb_column][\/et_pb_row][\/et_pb_section][et_pb_section fb_built=&#8221;1&#8243; _builder_version=&#8221;3.6&#8243; custom_padding=&#8221;13px|0px|30px|0px|false|false&#8221;][et_pb_row custom_padding=&#8221;12px|0px|14px|0px|false|false&#8221; _builder_version=&#8221;3.6&#8243;][et_pb_column type=&#8221;4_4&#8243; _builder_version=&#8221;3.0.47&#8243; parallax=&#8221;off&#8221; parallax_method=&#8221;on&#8221;][et_pb_text _builder_version=&#8221;3.6&#8243;]<\/p>\n<p>&nbsp;<\/p>\n<h2>3. Cruises, canoe trips on Lake Velence<\/h2>\n<p><span style=\"font-weight: 400;\">Lake Velence offers a variety of places to visit, thanks to the large and open water surfaces, the many reeds, islands, hidden wells, as well as the inner, closed parts of the lake. We can discover this hidden world from ordinary visitors and beachgoers during a cruise or an exciting guided canoe tour!\u00a0<\/span><\/p>\n<p><a href=\"http:\/\/www.expediciovelenceito.hu\">Expedition Lake Venice canoe tours<\/a><\/p>\n<p class=\"section_title section_title_big\"><a href=\"http:\/\/velenceitohajozas.hu\">Velence Lake Boating<\/a><\/p>\n<p>&nbsp;<\/p>\n<p>[\/et_pb_text][\/et_pb_column][\/et_pb_row][et_pb_row custom_padding=&#8221;12px|0px|14px|0px|false|false&#8221; _builder_version=&#8221;3.6&#8243;][et_pb_column type=&#8221;4_4&#8243; _builder_version=&#8221;3.0.47&#8243; parallax=&#8221;off&#8221; parallax_method=&#8221;on&#8221;][et_pb_code _builder_version=&#8221;3.6&#8243; text_orientation=&#8221;center&#8221;]&lt;iframe width=&quot;560&quot; height=&quot;315&quot; src=&quot;https:\/\/www.youtube.com\/embed\/r96GSqd5lLo&quot; frameborder=&quot;0&quot; allow=&quot;autoplay; encrypted-media&quot; allowfullscreen&gt;&lt;\/iframe&gt;[\/et_pb_code][\/et_pb_column][\/et_pb_row][\/et_pb_section]<\/p>","protected":false},"excerpt":{"rendered":"<p>[et_pb_section fb_built=&#8221;1&#8243; admin_label=&#8221;Header&#8221; _builder_version=&#8221;3.6&#8243; background_color=&#8221;rgba(0,0,0,0.6)&#8221; background_image=&#8221;https:\/\/parkkemping.hu\/wp-content\/uploads\/2018\/07\/kemping11.jpg&#8221; background_blend=&#8221;overlay&#8221; custom_padding=&#8221;135px|0px|135px|0px|true&#8221;][et_pb_row custom_padding=&#8221;|||&#8221; custom_padding_phone=&#8221;50px|0px|50px|0px&#8221; custom_padding_last_edited=&#8221;off|desktop&#8221; admin_label=&#8221;row&#8221; _builder_version=&#8221;3.2.2&#8243; background_position=&#8221;bottom_center&#8221;][et_pb_column type=&#8221;4_4&#8243; _builder_version=&#8221;3.0.47&#8243; parallax=&#8221;off&#8221; parallax_method=&#8221;on&#8221;][et_pb_text admin_label=&#8221;Text&#8221; _builder_version=&#8221;3.6&#8243; text_font=&#8221;||||||||&#8221; header_font=&#8221;Pacifico||||||||&#8221; header_text_color=&#8221;#ffffff&#8221; header_font_size_phone=&#8221;36px&#8221; header_font_size_last_edited=&#8221;off|desktop&#8221;] Velencei-t\u00f3 szabadid\u0151s programok [\/et_pb_text][\/et_pb_column][\/et_pb_row][\/et_pb_section][et_pb_section fb_built=&#8221;1&#8243; _builder_version=&#8221;3.6&#8243; custom_padding=&#8221;30px|0px|19px|0px|false|false&#8221;][et_pb_row custom_padding=&#8221;27px|0px|14px|0px|false|false&#8221; _builder_version=&#8221;3.6&#8243;][et_pb_column type=&#8221;4_4&#8243; _builder_version=&#8221;3.0.47&#8243; parallax=&#8221;off&#8221; parallax_method=&#8221;on&#8221;][et_pb_text _builder_version=&#8221;3.6&#8243;]&nbsp; 1. Bicikliz\u00e9s a Velencei-t\u00f3 k\u00f6r\u00fcl Ha szereted az akt\u00edv programokat, akkor pattanj nyeregbe \u00e9s tekerd k\u00f6rbe [&hellip;]<\/p>","protected":false},"author":8,"featured_media":0,"parent":0,"menu_order":0,"comment_status":"closed","ping_status":"closed","template":"","meta":[],"_links":{"self":[{"href":"https:\/\/parkkemping.hu\/en\/wp-json\/wp\/v2\/pages\/2210"}],"collection":[{"href":"https:\/\/parkkemping.hu\/en\/wp-json\/wp\/v2\/pages"}],"about":[{"href":"https:\/\/parkkemping.hu\/en\/wp-json\/wp\/v2\/types\/page"}],"author":[{"embeddable":true,"href":"https:\/\/parkkemping.hu\/en\/wp-json\/wp\/v2\/users\/8"}],"replies":[{"embeddable":true,"href":"https:\/\/parkkemping.hu\/en\/wp-json\/wp\/v2\/comments?post=2210"}],"version-history":[{"count":6,"href":"https:\/\/parkkemping.hu\/en\/wp-json\/wp\/v2\/pages\/2210\/revisions"}],"predecessor-version":[{"id":3617,"href":"https:\/\/parkkemping.hu\/en\/wp-json\/wp\/v2\/pages\/2210\/revisions\/3617"}],"wp:attachment":[{"href":"https:\/\/parkkemping.hu\/en\/wp-json\/wp\/v2\/media?parent=2210"}],"curies":[{"name":"wp","href":"https:\/\/api.w.org\/{rel}","templated":true}]}}