{"id":2870,"date":"2019-05-02T15:49:17","date_gmt":"2019-05-02T13:49:17","guid":{"rendered":"https:\/\/parkkemping.hu\/?page_id=2870"},"modified":"2024-04-16T15:25:59","modified_gmt":"2024-04-16T13:25:59","slug":"parcella-online-foglalas","status":"publish","type":"page","link":"https:\/\/parkkemping.hu\/en\/parcella-online-foglalas\/","title":{"rendered":"Parcella online foglal\u00e1s"},"content":{"rendered":"<p>[et_pb_section fb_built=&#8221;1&#8243; custom_padding_last_edited=&#8221;on|phone&#8221; _builder_version=&#8221;3.6&#8243; background_color=&#8221;rgba(0,0,0,0.6)&#8221; background_image=&#8221;https:\/\/parkkemping.hu\/wp-content\/uploads\/2018\/06\/lakokocsi_agard.jpg&#8221; background_blend=&#8221;overlay&#8221; custom_padding=&#8221;135px|0px|135px|0px|true|false&#8221; custom_padding_phone=&#8221;25px||25px||true|false&#8221;][et_pb_row custom_padding=&#8221;|||&#8221; custom_padding_tablet=&#8221;||20px|&#8221; custom_padding_phone=&#8221;60px|0px|20px|0px&#8221; custom_padding_last_edited=&#8221;off|desktop&#8221; _builder_version=&#8221;3.3.1&#8243;][et_pb_column type=&#8221;4_4&#8243; _builder_version=&#8221;3.0.47&#8243; parallax=&#8221;off&#8221; parallax_method=&#8221;on&#8221;][et_pb_text module_class=&#8221;secheader&#8221; _builder_version=&#8221;3.6&#8243; header_font=&#8221;Pacifico||||||||&#8221; header_text_align=&#8221;center&#8221; header_font_size_phone=&#8221;36px&#8221; header_font_size_last_edited=&#8221;on|phone&#8221; text_orientation=&#8221;center&#8221; background_layout=&#8221;dark&#8221;]<\/p>\n<h1>Online\u00a0Parcella Foglal\u00e1s<\/h1>\n<p>[\/et_pb_text][\/et_pb_column][\/et_pb_row][\/et_pb_section][et_pb_section fb_built=&#8221;1&#8243; fullwidth=&#8221;on&#8221; _builder_version=&#8221;3.6&#8243;][et_pb_fullwidth_code _builder_version=&#8221;3.6&#8243; max_width=&#8221;68%&#8221; max_width_tablet=&#8221;67%&#8221; max_width_last_edited=&#8221;on|desktop&#8221; module_alignment=&#8221;center&#8221;]Kedves Vend\u00e9g\u00fcnk!&lt;!&#8211; [et_pb_line_break_holder] &#8211;&gt;A s\u00e1torral vagy lak\u00f3kocsival \u00e9rkez\u0151ket korl\u00e1tlan sz\u00e1mban k\u00e9pes fogadni Kemping\u00fcnk!&lt;!&#8211; [et_pb_line_break_holder] &#8211;&gt;El\u0151zetes foglal\u00e1sra nincs sz\u00fcks\u00e9g!!&lt;!&#8211; [et_pb_line_break_holder] &#8211;&gt;V\u00e1rjuk szeretettel!&lt;!&#8211; [et_pb_line_break_holder] &#8211;&gt;Felh\u00edvjuk figyelm\u00e9t, hogy a sz\u00e1ll\u00e1shely elfoglal\u00e1s\u00e1ra m\u00e1jus \u00e9s szeptember h\u00f3napokban 8-18, j\u00fanius, j\u00falius \u00e9s augusztus h\u00f3napokban 8-20 \u00f3ra k\u00f6z\u00f6tt van lehet\u0151s\u00e9ge! K\u00f6sz\u00f6nj\u00fck![\/et_pb_fullwidth_code][\/et_pb_section][et_pb_section fb_built=&#8221;1&#8243; _builder_version=&#8221;3.6&#8243; background_color=&#8221;#e0f2f1&#8243; custom_padding=&#8221;0|0px|0|0px|false|false&#8221; global_module=&#8221;2057&#8243; saved_tabs=&#8221;all&#8221;][et_pb_row custom_padding=&#8221;0|0px|26.5469px|0px|false|false&#8221; _builder_version=&#8221;3.6&#8243;][et_pb_column type=&#8221;4_4&#8243; _builder_version=&#8221;3.0.47&#8243; parallax=&#8221;off&#8221; parallax_method=&#8221;on&#8221;][\/et_pb_column][\/et_pb_row][\/et_pb_section]<\/p>","protected":false},"excerpt":{"rendered":"<p>[et_pb_section fb_built=&#8221;1&#8243; custom_padding_last_edited=&#8221;on|phone&#8221; _builder_version=&#8221;3.6&#8243; background_color=&#8221;rgba(0,0,0,0.6)&#8221; background_image=&#8221;https:\/\/parkkemping.hu\/wp-content\/uploads\/2018\/06\/lakokocsi_agard.jpg&#8221; background_blend=&#8221;overlay&#8221; custom_padding=&#8221;135px|0px|135px|0px|true|false&#8221; custom_padding_phone=&#8221;25px||25px||true|false&#8221;][et_pb_row custom_padding=&#8221;|||&#8221; custom_padding_tablet=&#8221;||20px|&#8221; custom_padding_phone=&#8221;60px|0px|20px|0px&#8221; custom_padding_last_edited=&#8221;off|desktop&#8221; _builder_version=&#8221;3.3.1&#8243;][et_pb_column type=&#8221;4_4&#8243; _builder_version=&#8221;3.0.47&#8243; parallax=&#8221;off&#8221; parallax_method=&#8221;on&#8221;][et_pb_text module_class=&#8221;secheader&#8221; _builder_version=&#8221;3.6&#8243; header_font=&#8221;Pacifico||||||||&#8221; header_text_align=&#8221;center&#8221; header_font_size_phone=&#8221;36px&#8221; header_font_size_last_edited=&#8221;on|phone&#8221; text_orientation=&#8221;center&#8221; background_layout=&#8221;dark&#8221;] Online\u00a0Parcella Foglal\u00e1s [\/et_pb_text][\/et_pb_column][\/et_pb_row][\/et_pb_section][et_pb_section fb_built=&#8221;1&#8243; fullwidth=&#8221;on&#8221; _builder_version=&#8221;3.6&#8243;][et_pb_fullwidth_code _builder_version=&#8221;3.6&#8243; max_width=&#8221;68%&#8221; max_width_tablet=&#8221;67%&#8221; max_width_last_edited=&#8221;on|desktop&#8221; module_alignment=&#8221;center&#8221;]Kedves Vend\u00e9g\u00fcnk!&lt;!&#8211; [et_pb_line_break_holder] &#8211;&gt;A s\u00e1torral vagy lak\u00f3kocsival \u00e9rkez\u0151ket korl\u00e1tlan sz\u00e1mban k\u00e9pes fogadni Kemping\u00fcnk!&lt;!&#8211; [et_pb_line_break_holder] &#8211;&gt;El\u0151zetes foglal\u00e1sra nincs sz\u00fcks\u00e9g!!&lt;!&#8211; [et_pb_line_break_holder] [&hellip;]<\/p>","protected":false},"author":8,"featured_media":0,"parent":0,"menu_order":0,"comment_status":"closed","ping_status":"closed","template":"","meta":[],"_links":{"self":[{"href":"https:\/\/parkkemping.hu\/en\/wp-json\/wp\/v2\/pages\/2870"}],"collection":[{"href":"https:\/\/parkkemping.hu\/en\/wp-json\/wp\/v2\/pages"}],"about":[{"href":"https:\/\/parkkemping.hu\/en\/wp-json\/wp\/v2\/types\/page"}],"author":[{"embeddable":true,"href":"https:\/\/parkkemping.hu\/en\/wp-json\/wp\/v2\/users\/8"}],"replies":[{"embeddable":true,"href":"https:\/\/parkkemping.hu\/en\/wp-json\/wp\/v2\/comments?post=2870"}],"version-history":[{"count":7,"href":"https:\/\/parkkemping.hu\/en\/wp-json\/wp\/v2\/pages\/2870\/revisions"}],"predecessor-version":[{"id":3887,"href":"https:\/\/parkkemping.hu\/en\/wp-json\/wp\/v2\/pages\/2870\/revisions\/3887"}],"wp:attachment":[{"href":"https:\/\/parkkemping.hu\/en\/wp-json\/wp\/v2\/media?parent=2870"}],"curies":[{"name":"wp","href":"https:\/\/api.w.org\/{rel}","templated":true}]}}