{"id":3740,"date":"2021-06-30T12:48:37","date_gmt":"2021-06-30T10:48:37","guid":{"rendered":"https:\/\/parkkemping.hu\/?page_id=3740"},"modified":"2022-06-15T09:16:28","modified_gmt":"2022-06-15T07:16:28","slug":"strand-hazirend","status":"publish","type":"page","link":"https:\/\/parkkemping.hu\/en\/strand-hazirend\/","title":{"rendered":"Beach Rules"},"content":{"rendered":"<p><strong>House rules:<\/strong><\/p>\n<p><strong>Park Strand &#8211; Ag\u00e1rd<\/strong><\/p>\n<p><strong>Park Beach<\/strong> opening hours: between June 1 and August 31 every day from 8:00 a.m. to 8:00 p.m.<\/p>\n<p>The <strong>Park <\/strong><strong>Beach<\/strong> its cash desks are open every day from 08:00 to 19:30. It is not possible to enter after the checkout!<\/p>\n<p>Children under the age of 6, or children under the age of 14 who cannot swim, can only enter the Strandf\u00fcrd\u0151 area accompanied by an adult.<\/p>\n<p>Over the age of 3, the use of a swimsuit or swimming trunks is mandatory!<\/p>\n<p>In the land area of the spa and in the water area bordered by buoys, you must strive to behave in such a way that you do not disturb other spa guests, or cause discomfort or offense to others.<\/p>\n<p>Anyone who does not comply with the House Rules: the lifeguard, as well as the management and employees of the Beach Bath, may refuse further Beach Services, and must leave the Beach. Anyone who violates the rules may be denied entry to the beach.<\/p>\n<p>The Water Beach area, bordered by buoys, is protected by the Lifeguard. In case of leaving the area - by the Beach Guest - towards open water a \u00a0<strong>Park Beach<\/strong>\u00a0its operator no longer assumes responsibility for any accidents that may occur.<\/p>\n<p>The instructions of the workers and managers of the lifeguard and the Strand must be followed by all bathers.<\/p>\n<p>Everyone can use the sports field and playground equipment in the Strandf\u00fcrd\u0151 area only at their own risk, we are not responsible for any resulting injuries.<\/p>\n<p>Please place waste and garbage in the designated waste collection containers.<\/p>\n<p>A f\u00fcrd\u0151ben a WC-k, zuhanyoz\u00f3k, mosd\u00f3k haszn\u00e1lata d\u00edjtalan. Ezek tisztas\u00e1g\u00e1ra k\u00e9rj\u00fck \u00fcgyeljenek!<\/p>\n<p>Az els\u0151seg\u00e9lyny\u00fajt\u00e1s a kijel\u00f6lt helyen d\u00edjtalanul t\u00f6rt\u00e9nik.<\/p>\n<p>A szem\u00e9lyes t\u00e1rgyak biztons\u00e1g\u00e1\u00e9rt felel\u0151ss\u00e9get nem v\u00e1llalunk, meg\u00f3v\u00e1s\u00e1r\u00f3l a vend\u00e9gnek kell gondoskodni.<\/p>\n<p>Bath guests are not allowed to stay on the Beach area after closing time!<\/p>\n<p>In any case, found objects must be handed in at the ticket office: where the rightful owner can collect them after clearly identifying the object by showing their identity card and registering the handover.<\/p>\n<p>By entering the area of the Beach, the spa guest accepts at the same time that if a picture or video recording is made in which he or she can be seen, he or she cannot make any claims against the operators, the creators of the recording, or its legitimate users. All guests who appear in the recordings can only be named with their consent.<\/p>\n<p>Anyone who intentionally damages or steals the equipment of the Beach Bath may be ordered to compensate for the damage, may be prosecuted and banned from the Beach Bath area.<\/p>\n<p>Smoking is prohibited on the beach, except in designated areas!<\/p>\n<p>The\u00a0<strong>Park Beach<\/strong>\u00a0all beach guests must leave the area by 20:10!<\/p>\n<p>Between 8:00 p.m. and 8:00 a.m., the lifeguard service ceases, during this period the responsibility for the safety of those bathing in the lake rests with the\u00a0<strong>Park Beach<\/strong>\u00a0management cannot undertake.<\/p>\n<p><strong><u>Forbidden!<\/u><\/strong><\/p>\n<ul>\n<li>bringing dogs and other animals into the Beach area,<\/li>\n<li>use cleaning products, consume food and drink in the lake,<\/li>\n<li>jumping into the water, throwing each other into the water<\/li>\n<li>to sit and lie on the steps and drains placed in the water,<\/li>\n<li>fishing<\/li>\n<\/ul>\n<p>By paying the beach service fee, our guests accept the above House Rules.<\/p>\n<p>The operator of Park Strand is not responsible for accidents resulting from non-compliance with the House Rules.<\/p>\n<p>We wish you a pleasant time!<\/p>\n<p>G\u00e1rdonyi V\u00e1ros\u00fczemeltet\u00e9si Kft<\/p>","protected":false},"excerpt":{"rendered":"<p>H\u00e1zirend Park Strand &#8211; Ag\u00e1rd Park Strand nyitva tart\u00e1sa: j\u00fanius 1. \u00e9s augusztus 31. k\u00f6z\u00f6tt minden nap 08.00 \u00f3r\u00e1t\u00f3l 20.00 \u00f3r\u00e1ig. A Park Strand p\u00e9nzt\u00e1rai minden nap 08:00-19:30-ig tartanak nyitva. P\u00e9nzt\u00e1r z\u00e1r\u00e1s ut\u00e1n bel\u00e9p\u00e9sre nincs lehet\u0151s\u00e9g! A 6 \u00e9ven aluli, illetve \u00faszni nem tud\u00f3 14 \u00e9ven aluli gyermekek csak feln\u0151tt k\u00eds\u00e9ret\u00e9ben l\u00e9phetnek a Strandf\u00fcrd\u0151 ter\u00fclet\u00e9re. [&hellip;]<\/p>","protected":false},"author":8,"featured_media":0,"parent":0,"menu_order":0,"comment_status":"closed","ping_status":"closed","template":"","meta":[],"_links":{"self":[{"href":"https:\/\/parkkemping.hu\/en\/wp-json\/wp\/v2\/pages\/3740"}],"collection":[{"href":"https:\/\/parkkemping.hu\/en\/wp-json\/wp\/v2\/pages"}],"about":[{"href":"https:\/\/parkkemping.hu\/en\/wp-json\/wp\/v2\/types\/page"}],"author":[{"embeddable":true,"href":"https:\/\/parkkemping.hu\/en\/wp-json\/wp\/v2\/users\/8"}],"replies":[{"embeddable":true,"href":"https:\/\/parkkemping.hu\/en\/wp-json\/wp\/v2\/comments?post=3740"}],"version-history":[{"count":2,"href":"https:\/\/parkkemping.hu\/en\/wp-json\/wp\/v2\/pages\/3740\/revisions"}],"predecessor-version":[{"id":3805,"href":"https:\/\/parkkemping.hu\/en\/wp-json\/wp\/v2\/pages\/3740\/revisions\/3805"}],"wp:attachment":[{"href":"https:\/\/parkkemping.hu\/en\/wp-json\/wp\/v2\/media?parent=3740"}],"curies":[{"name":"wp","href":"https:\/\/api.w.org\/{rel}","templated":true}]}}