{"id":5,"date":"2018-03-01T10:35:51","date_gmt":"2018-03-01T10:35:51","guid":{"rendered":"http:\/\/parkkemping.hu\/?page_id=5"},"modified":"2025-05-21T10:33:30","modified_gmt":"2025-05-21T08:33:30","slug":"kezdolap","status":"publish","type":"page","link":"https:\/\/parkkemping.hu\/en\/","title":{"rendered":"Homepage"},"content":{"rendered":"<p>[et_pb_section fb_built=&#8221;1&#8243; fullwidth=&#8221;on&#8221; _builder_version=&#8221;3.3.1&#8243;][et_pb_fullwidth_slider module_class=&#8221;secheader&#8221; _builder_version=&#8221;3.6&#8243; header_level=&#8221;h1&#8243; header_font=&#8221;Pacifico||||||||&#8221; header_text_align=&#8221;center&#8221; header_font_size_phone=&#8221;36px&#8221; header_font_size_last_edited=&#8221;on|phone&#8221; button_alignment=&#8221;center&#8221;][et_pb_slide heading=&#8221;Park Kemping&#8221; button_text=&#8221;Online Parcella foglal\u00e1s&#8221; button_link=&#8221;https:\/\/parkkemping.hu\/parcella-online-foglalas\/&#8221; use_bg_overlay=&#8221;off&#8221; use_text_overlay=&#8221;off&#8221; _builder_version=&#8221;3.6&#8243; header_font=&#8221;||||||||&#8221; header_text_color=&#8221;#ffffff&#8221; header_font_size_phone=&#8221;45px&#8221; header_font_size_last_edited=&#8221;off|desktop&#8221; background_color=&#8221;#ffffff&#8221; background_image=&#8221;https:\/\/parkkemping.hu\/wp-content\/uploads\/2018\/07\/IMG_20288.jpg&#8221; background_position=&#8221;bottom_center&#8221; custom_button=&#8221;on&#8221; button_text_size=&#8221;25px&#8221; button_text_color=&#8221;#ffffff&#8221; button_bg_color=&#8221;#db254c&#8221; button_border_width=&#8221;2px&#8221; button_use_icon=&#8221;on&#8221; button_icon=&#8221;%%20%%&#8221; button_on_hover=&#8221;on&#8221; button_text_size_tablet=&#8221;18px&#8221; button_text_size_phone=&#8221;14px&#8221; button_text_size_last_edited=&#8221;on|desktop&#8221;][\/et_pb_slide][et_pb_slide heading=&#8221;Park Hostel&#8221; button_text=&#8221;Tov\u00e1bb a Hostel oldal\u00e1ra!&#8221; button_link=&#8221;\/hostel&#8221; _builder_version=&#8221;3.6&#8243; header_font=&#8221;||||||||&#8221; header_text_color=&#8221;#ffffff&#8221; header_font_size_last_edited=&#8221;off|desktop&#8221; background_color=&#8221;rgba(0,0,0,0.5)&#8221; background_image=&#8221;https:\/\/parkkemping.hu\/wp-content\/uploads\/2018\/06\/Parti-hostel-po\u0301ker.jpg&#8221; background_blend=&#8221;overlay&#8221; custom_button=&#8221;on&#8221; button_text_size=&#8221;18px&#8221; button_text_color=&#8221;#ffffff&#8221; button_border_width=&#8221;2px&#8221; button_font=&#8221;||||||||&#8221; button_use_icon=&#8221;on&#8221; button_icon=&#8221;%%20%%&#8221; button_text_size_phone=&#8221;14px&#8221; button_text_size_last_edited=&#8221;on|phone&#8221; text_orientation=&#8221;center&#8221;][\/et_pb_slide][et_pb_slide heading=&#8221;Park Strand&#8221; button_text=&#8221;Tov\u00e1bb a Strand oldal\u00e1ra!&#8221; button_link=&#8221;\/strand&#8221; _builder_version=&#8221;3.6&#8243; header_font=&#8221;||||||||&#8221; header_text_color=&#8221;#ffffff&#8221; header_font_size_phone=&#8221;45px&#8221; header_font_size_last_edited=&#8221;off|desktop&#8221; background_color=&#8221;rgba(0,0,0,0.62)&#8221; background_image=&#8221;https:\/\/parkkemping.hu\/wp-content\/uploads\/2018\/05\/park_strand_kemping.jpg&#8221; background_blend=&#8221;overlay&#8221; custom_button=&#8221;on&#8221; button_text_size=&#8221;18px&#8221; button_text_color=&#8221;#ffffff&#8221; button_border_width=&#8221;2px&#8221; button_font=&#8221;||||||||&#8221; button_use_icon=&#8221;on&#8221; button_icon=&#8221;%%20%%&#8221; button_text_size_phone=&#8221;14px&#8221; button_text_size_last_edited=&#8221;on|phone&#8221; text_orientation=&#8221;center&#8221;][\/et_pb_slide][\/et_pb_fullwidth_slider][\/et_pb_section][et_pb_section fb_built=&#8221;1&#8243; custom_padding_last_edited=&#8221;on|phone&#8221; admin_label=&#8221;section&#8221; _builder_version=&#8221;3.6&#8243; custom_padding=&#8221;54px|0px|16px|0px|false|false&#8221; custom_padding_phone=&#8221;20px||0px|&#8221;][et_pb_row make_fullwidth=&#8221;on&#8221; use_custom_gutter=&#8221;on&#8221; gutter_width=&#8221;1&#8243; custom_padding=&#8221;0|0px|0|0px|false|false&#8221; make_equal=&#8221;on&#8221; custom_padding_last_edited=&#8221;on|desktop&#8221; admin_label=&#8221;row&#8221; _builder_version=&#8221;3.6&#8243; background_size=&#8221;initial&#8221; background_position=&#8221;top_left&#8221; background_repeat=&#8221;repeat&#8221; custom_margin_phone=&#8221;0px||0px|&#8221; custom_margin_last_edited=&#8221;on|phone&#8221;][et_pb_column type=&#8221;1_4&#8243; _builder_version=&#8221;3.0.47&#8243; parallax=&#8221;off&#8221; parallax_method=&#8221;on&#8221;][\/et_pb_column][et_pb_column type=&#8221;1_2&#8243; _builder_version=&#8221;3.0.47&#8243; parallax=&#8221;off&#8221; parallax_method=&#8221;on&#8221;][et_pb_text admin_label=&#8221;Text&#8221; module_class=&#8221;secheader&#8221; _builder_version=&#8221;3.6&#8243; text_font=&#8221;||||||||&#8221; text_text_color=&#8221;#231f20&#8243; header_font=&#8221;||||||||&#8221; header_text_align=&#8221;center&#8221; header_font_size_phone=&#8221;40px&#8221; header_font_size_last_edited=&#8221;off|desktop&#8221; header_2_font=&#8221;Pacifico||||||||&#8221; header_2_font_size_phone=&#8221;27px&#8221; header_2_font_size_last_edited=&#8221;on|phone&#8221; background_size=&#8221;initial&#8221; background_position=&#8221;top_left&#8221; background_repeat=&#8221;repeat&#8221; text_orientation=&#8221;center&#8221; custom_padding=&#8221;||30px|&#8221; custom_padding_phone=&#8221;0px||0px|&#8221; custom_padding_last_edited=&#8221;on|phone&#8221;]<\/p>\n<h2>Park Beach Camping and Hostel<\/h2>\n<p>[\/et_pb_text][et_pb_text _builder_version=&#8221;3.6&#8243;]<\/p>\n<p style=\"text-align: center;\"><span style=\"color: #ff0000;\">.<\/span><\/p>\n<p>[\/et_pb_text][\/et_pb_column][et_pb_column type=&#8221;1_4&#8243; _builder_version=&#8221;3.0.47&#8243; parallax=&#8221;off&#8221; parallax_method=&#8221;on&#8221;][\/et_pb_column][\/et_pb_row][et_pb_row make_fullwidth=&#8221;on&#8221; use_custom_gutter=&#8221;on&#8221; gutter_width=&#8221;1&#8243; custom_padding=&#8221;59px|0px|0|0px|false|false&#8221; make_equal=&#8221;on&#8221; admin_label=&#8221;row&#8221; _builder_version=&#8221;3.6&#8243; background_color=&#8221;#f4f4f4&#8243; background_size=&#8221;initial&#8221; background_position=&#8221;top_left&#8221; background_repeat=&#8221;repeat&#8221;][et_pb_column type=&#8221;1_4&#8243; _builder_version=&#8221;3.0.47&#8243; parallax=&#8221;off&#8221; parallax_method=&#8221;on&#8221;][\/et_pb_column][et_pb_column type=&#8221;1_2&#8243; _builder_version=&#8221;3.0.47&#8243; parallax=&#8221;off&#8221; parallax_method=&#8221;on&#8221;][et_pb_video src=&#8221;https:\/\/youtu.be\/B1c1xaTN_kk&#8221; _builder_version=&#8221;3.6&#8243;][\/et_pb_video][\/et_pb_column][et_pb_column type=&#8221;1_4&#8243; _builder_version=&#8221;3.0.47&#8243; parallax=&#8221;off&#8221; parallax_method=&#8221;on&#8221;][\/et_pb_column][\/et_pb_row][et_pb_row custom_padding=&#8221;0|0px|27px|0px|false|false&#8221; admin_label=&#8221;row&#8221; _builder_version=&#8221;3.6&#8243; background_size=&#8221;initial&#8221; background_position=&#8221;top_left&#8221; background_repeat=&#8221;repeat&#8221;][et_pb_column type=&#8221;4_4&#8243; _builder_version=&#8221;3.0.47&#8243; parallax=&#8221;off&#8221; parallax_method=&#8221;on&#8221;][et_pb_text _builder_version=&#8221;3.6&#8243; text_orientation=&#8221;center&#8221; max_width=&#8221;95%&#8221; module_alignment=&#8221;center&#8221; custom_margin=&#8221;40px|||&#8221;]<\/p>\n<p>The Park Beach Camping in Ag\u00e1rd beats as the green heart of Lake Velencei. The 8-hectare, 500-meter-long coastline offers direct access to the natural wildlife, reed islands, and healing waters of Lake Velence. At the same time, this wonderful area is not far from the settlement center of Ag\u00e1rd, which comes alive in the summer. On the eastern side of the campsite, there are caravan plots, in the middle third there is a wooded tent park, a buffet line and an area for company or even family events, and the beach. While on the western side, almost 3 hectares have been developed for a hostel, event building, and additional camping sites and plots. The entire 500-meter-long stretch of beach with a width of 25-30 meters is waiting for you, the guests who want to relax and recharge, as a continuous sunbathing, resting, bathing and beach area.<\/p>\n<p>We can greatly enhance the recreation of those coming to us with our additional leisure services, in addition to the features of Lake Velence and its surroundings. There is no room for boredom here, as we can offer special and exciting leisure programs for every day of the week, such as dragon boating, canoeing, trying out SUP, bike rentals, and more.<\/p>\n<p>From 2022, our guests can use a completely new water block, in which a Family Washroom and a Baby-Mama room are also available!<\/p>\n<p><strong>Camping and Hostel guests can enter the Park Beach area free of charge!<\/strong><\/p>\n<p><strong><span>We would like to draw your attention to the fact that as of September 1, 2021, it is mandatory to scan the guest's identity document and address card during check-in at all accommodations in Hungary. Therefore, we are obliged to request these documents from each hotel guest (including the documents of infants), in the absence of which we unfortunately have to refuse the accommodation service!<\/span><\/strong><\/p>\n<p>[\/et_pb_text][\/et_pb_column][\/et_pb_row][\/et_pb_section][et_pb_section fb_built=&#8221;1&#8243; _builder_version=&#8221;3.6&#8243; background_color=&#8221;#f4f4f4&#8243;][et_pb_row make_fullwidth=&#8221;on&#8221; use_custom_gutter=&#8221;on&#8221; _builder_version=&#8221;3.2.2&#8243;][et_pb_column type=&#8221;1_3&#8243; _builder_version=&#8221;3.0.47&#8243; parallax=&#8221;off&#8221; parallax_method=&#8221;on&#8221;][et_pb_blurb title=&#8221;Park Kemping&#8221; url=&#8221;\/kemping&#8221; image=&#8221;https:\/\/parkkemping.hu\/wp-content\/uploads\/2018\/03\/kemping-ikon.png&#8221; _builder_version=&#8221;3.3.1&#8243; header_font=&#8221;||||||||&#8221; header_text_align=&#8221;center&#8221; body_font=&#8221;||||||||&#8221; background_color=&#8221;#ffffff&#8221; border_radii=&#8221;on|5px|5px|5px|5px&#8221; box_shadow_style=&#8221;preset1&#8243; box_shadow_vertical=&#8221;0px&#8221; box_shadow_blur=&#8221;4px&#8221; box_shadow_spread=&#8221;1px&#8221; box_shadow_color=&#8221;rgba(0,0,0,0.09)&#8221; text_orientation=&#8221;center&#8221; custom_margin=&#8221;|||&#8221; custom_padding=&#8221;30px|30px|30px|30px&#8221;] A 8 hekt\u00e1r kiterjed\u00e9s\u0171 partszakaszon a f\u00e1s, ligetes \u00e9s f\u00fcves kempingter\u00fclet kiv\u00e1l\u00f3 v\u00e1laszt\u00e1s a term\u00e9szetszeret\u0151 \u00e9s nyugalomra v\u00e1gy\u00f3 vend\u00e9geink sz\u00e1m\u00e1ra.<\/p>\n<p><strong><a href=\"https:\/\/parkkemping.hu\/en\/kemping\/\">Continue to the Camping site!<\/a><\/strong><br \/>\n[\/et_pb_blurb][\/et_pb_column][et_pb_column type=&#8221;1_3&#8243; _builder_version=&#8221;3.0.47&#8243; parallax=&#8221;off&#8221; parallax_method=&#8221;on&#8221;][et_pb_blurb title=&#8221;Park Hostel&#8221; url=&#8221;\/hostel&#8221; image=&#8221;https:\/\/parkkemping.hu\/wp-content\/uploads\/2018\/03\/hostel-ikon.png&#8221; _builder_version=&#8221;3.6&#8243; header_font=&#8221;||||||||&#8221; header_text_align=&#8221;center&#8221; body_font=&#8221;||||||||&#8221; background_color=&#8221;#ffffff&#8221; border_radii=&#8221;on|5px|5px|5px|5px&#8221; box_shadow_style=&#8221;preset1&#8243; box_shadow_vertical=&#8221;0px&#8221; box_shadow_blur=&#8221;4px&#8221; box_shadow_spread=&#8221;1px&#8221; box_shadow_color=&#8221;rgba(0,0,0,0.09)&#8221; text_orientation=&#8221;center&#8221; custom_margin=&#8221;|||&#8221; custom_padding=&#8221;30px|30px|30px|30px&#8221;]<\/p>\n<p>Our camp accommodations from the 70s entered the world of youth hostels through a creative renovation in 2018.\u00a0<\/p>\n<p><strong><a href=\"https:\/\/parkkemping.hu\/en\/hostel\/\">Continue to the Hostel page!<\/a><\/strong><\/p>\n<p>[\/et_pb_blurb][et_pb_text _builder_version=&#8221;3.6&#8243; disabled_on=&#8221;on|on|on&#8221;]<a href=\"https:\/\/osztalykirandulas.hu\/velencei-to\/\" target=\"_blank\" rel=\"noopener noreferrer\"><br \/>\n<img style=\"width: 180px; height: auto; display: block; margin-left: auto; margin-right: auto;\" title=\"Oszt\u00e1lykir\u00e1ndul\u00e1s Velencei-t\u00f3\" src=\"http:\/\/osztalykirandulas.hu\/app\/uploads\/2019\/10\/osztalykirandulas-hivatalos-partner.png\" align=\"middle\" \/><\/a><br \/>\n[\/et_pb_text][\/et_pb_column][et_pb_column type=&#8221;1_3&#8243; _builder_version=&#8221;3.0.47&#8243; parallax=&#8221;off&#8221; parallax_method=&#8221;on&#8221;][et_pb_blurb title=&#8221;Park Strand&#8221; url=&#8221;\/strand&#8221; image=&#8221;https:\/\/parkkemping.hu\/wp-content\/uploads\/2018\/03\/strand-ikon.png&#8221; _builder_version=&#8221;3.6&#8243; header_text_align=&#8221;center&#8221; background_color=&#8221;#ffffff&#8221; border_radii=&#8221;on|5px|5px|5px|5px&#8221; box_shadow_style=&#8221;preset1&#8243; box_shadow_vertical=&#8221;0px&#8221; box_shadow_blur=&#8221;4px&#8221; box_shadow_spread=&#8221;1px&#8221; box_shadow_color=&#8221;rgba(0,0,0,0.09)&#8221; text_orientation=&#8221;center&#8221; custom_margin=&#8221;|||&#8221; custom_padding=&#8221;30px|30px|30px|30px&#8221;]<\/p>\n<p>Park Strand, which looks back on a 40-year history, welcomes even the smallest children and their parents with its slowly deepening sandy beach!<\/p>\n<p>From 2022, our guests can use a completely new water block, in which a Family Washroom and a Baby-Mama room are also available!<\/p>\n<p>&nbsp;<\/p>\n<p><strong><a href=\"https:\/\/parkkemping.hu\/en\/strand\/\">Continue to the Strand page!<\/a><\/strong><\/p>\n<p>[\/et_pb_blurb][\/et_pb_column][\/et_pb_row][\/et_pb_section]<\/p>","protected":false},"excerpt":{"rendered":"<p>[et_pb_section fb_built=&#8221;1&#8243; fullwidth=&#8221;on&#8221; _builder_version=&#8221;3.3.1&#8243;][et_pb_fullwidth_slider module_class=&#8221;secheader&#8221; _builder_version=&#8221;3.6&#8243; header_level=&#8221;h1&#8243; header_font=&#8221;Pacifico||||||||&#8221; header_text_align=&#8221;center&#8221; header_font_size_phone=&#8221;36px&#8221; header_font_size_last_edited=&#8221;on|phone&#8221; button_alignment=&#8221;center&#8221;][et_pb_slide heading=&#8221;Park Kemping&#8221; button_text=&#8221;Online Parcella foglal\u00e1s&#8221; button_link=&#8221;https:\/\/parkkemping.hu\/parcella-online-foglalas\/&#8221; use_bg_overlay=&#8221;off&#8221; use_text_overlay=&#8221;off&#8221; _builder_version=&#8221;3.6&#8243; header_font=&#8221;||||||||&#8221; header_text_color=&#8221;#ffffff&#8221; header_font_size_phone=&#8221;45px&#8221; header_font_size_last_edited=&#8221;off|desktop&#8221; background_color=&#8221;#ffffff&#8221; background_image=&#8221;https:\/\/parkkemping.hu\/wp-content\/uploads\/2018\/07\/IMG_20288.jpg&#8221; background_position=&#8221;bottom_center&#8221; custom_button=&#8221;on&#8221; button_text_size=&#8221;25px&#8221; button_text_color=&#8221;#ffffff&#8221; button_bg_color=&#8221;#db254c&#8221; button_border_width=&#8221;2px&#8221; button_use_icon=&#8221;on&#8221; button_icon=&#8221;%%20%%&#8221; button_on_hover=&#8221;on&#8221; button_text_size_tablet=&#8221;18px&#8221; button_text_size_phone=&#8221;14px&#8221; button_text_size_last_edited=&#8221;on|desktop&#8221;][\/et_pb_slide][et_pb_slide heading=&#8221;Park Hostel&#8221; button_text=&#8221;Tov\u00e1bb a Hostel oldal\u00e1ra!&#8221; button_link=&#8221;\/hostel&#8221; _builder_version=&#8221;3.6&#8243; header_font=&#8221;||||||||&#8221; header_text_color=&#8221;#ffffff&#8221; header_font_size_last_edited=&#8221;off|desktop&#8221; background_color=&#8221;rgba(0,0,0,0.5)&#8221; background_image=&#8221;https:\/\/parkkemping.hu\/wp-content\/uploads\/2018\/06\/Parti-hostel-po\u0301ker.jpg&#8221; background_blend=&#8221;overlay&#8221; custom_button=&#8221;on&#8221; button_text_size=&#8221;18px&#8221; [&hellip;]<\/p>","protected":false},"author":8,"featured_media":2142,"parent":0,"menu_order":0,"comment_status":"closed","ping_status":"closed","template":"","meta":[],"_links":{"self":[{"href":"https:\/\/parkkemping.hu\/en\/wp-json\/wp\/v2\/pages\/5"}],"collection":[{"href":"https:\/\/parkkemping.hu\/en\/wp-json\/wp\/v2\/pages"}],"about":[{"href":"https:\/\/parkkemping.hu\/en\/wp-json\/wp\/v2\/types\/page"}],"author":[{"embeddable":true,"href":"https:\/\/parkkemping.hu\/en\/wp-json\/wp\/v2\/users\/8"}],"replies":[{"embeddable":true,"href":"https:\/\/parkkemping.hu\/en\/wp-json\/wp\/v2\/comments?post=5"}],"version-history":[{"count":60,"href":"https:\/\/parkkemping.hu\/en\/wp-json\/wp\/v2\/pages\/5\/revisions"}],"predecessor-version":[{"id":3924,"href":"https:\/\/parkkemping.hu\/en\/wp-json\/wp\/v2\/pages\/5\/revisions\/3924"}],"wp:featuredmedia":[{"embeddable":true,"href":"https:\/\/parkkemping.hu\/en\/wp-json\/wp\/v2\/media\/2142"}],"wp:attachment":[{"href":"https:\/\/parkkemping.hu\/en\/wp-json\/wp\/v2\/media?parent=5"}],"curies":[{"name":"wp","href":"https:\/\/api.w.org\/{rel}","templated":true}]}}