{"id":9,"date":"2018-03-01T10:36:46","date_gmt":"2018-03-01T10:36:46","guid":{"rendered":"http:\/\/parkkemping.hu\/?page_id=9"},"modified":"2025-01-10T10:38:57","modified_gmt":"2025-01-10T09:38:57","slug":"strand","status":"publish","type":"page","link":"https:\/\/parkkemping.hu\/en\/strand\/","title":{"rendered":"Beach"},"content":{"rendered":"<p>[et_pb_section fb_built=&#8221;1&#8243; custom_padding_last_edited=&#8221;on|desktop&#8221; _builder_version=&#8221;3.3.1&#8243; background_color=&#8221;rgba(0,0,0,0.66)&#8221; background_image=&#8221;https:\/\/parkkemping.hu\/wp-content\/uploads\/2018\/05\/park_strand_kemping.jpg&#8221; background_blend=&#8221;overlay&#8221; custom_padding=&#8221;135px||135px||true&#8221; custom_padding_phone=&#8221;50px||50px||true&#8221;][et_pb_row custom_padding=&#8221;|||&#8221; custom_padding_phone=&#8221;50px|0px|50px|0px&#8221; custom_padding_last_edited=&#8221;off|desktop&#8221; admin_label=&#8221;row&#8221; _builder_version=&#8221;3.2.2&#8243; background_position=&#8221;bottom_center&#8221;][et_pb_column type=&#8221;4_4&#8243; _builder_version=&#8221;3.0.47&#8243; parallax=&#8221;off&#8221; parallax_method=&#8221;on&#8221;][et_pb_text admin_label=&#8221;Text&#8221; module_class=&#8221;secheader&#8221; _builder_version=&#8221;3.6&#8243; header_font=&#8221;Pacifico||||||||&#8221; header_text_color=&#8221;#ffffff&#8221; header_font_size_phone=&#8221;36px&#8221; header_font_size_last_edited=&#8221;on|phone&#8221;]<\/p>\n<h1 style=\"text-align: center;\">Park Beach at Lake Velence<\/h1>\n<p>[\/et_pb_text][\/et_pb_column][\/et_pb_row][\/et_pb_section][et_pb_section fb_built=&#8221;1&#8243; fullwidth=&#8221;on&#8221; disabled_on=&#8221;on|on|off&#8221; module_id=&#8221;sticker&#8221; module_class=&#8221;sticker&#8221; _builder_version=&#8221;3.3.1&#8243; background_color=&#8221;#f4f4f4&#8243; module_alignment=&#8221;center&#8221; custom_padding=&#8221;0px|0px|25px|0px&#8221;][et_pb_fullwidth_menu menu_id=&#8221;13&#8243; submenu_direction=&#8221;downwards&#8221; fullwidth_menu=&#8221;off&#8221; active_link_color=&#8221;#5da58d&#8221; module_class=&#8221;oldalmenu&#8221; _builder_version=&#8221;3.6&#8243; menu_font=&#8221;PT Sans|700|||||||&#8221; menu_font_size=&#8221;16px&#8221; background_color=&#8221;#f4f4f4&#8243; text_orientation=&#8221;center&#8221; module_alignment=&#8221;center&#8221;][\/et_pb_fullwidth_menu][\/et_pb_section][et_pb_section fb_built=&#8221;1&#8243; _builder_version=&#8221;3.2.2&#8243; custom_padding=&#8221;|||&#8221;][et_pb_row custom_padding=&#8221;|||&#8221; custom_padding_tablet=&#8221;||20px|&#8221; custom_padding_phone=&#8221;60px|0px|20px|0px&#8221; custom_padding_last_edited=&#8221;off|desktop&#8221; _builder_version=&#8221;3.2.2&#8243;][et_pb_column type=&#8221;4_4&#8243; _builder_version=&#8221;3.0.47&#8243; parallax=&#8221;off&#8221; parallax_method=&#8221;on&#8221;][et_pb_text _builder_version=&#8221;3.6&#8243; header_font=&#8221;Pacifico||||||||&#8221; header_text_align=&#8221;center&#8221; header_text_color=&#8221;#231f20&#8243; text_orientation=&#8221;center&#8221;]A Velencei-t\u00f3 strand k\u00edn\u00e1lat\u00e1nak kihagyhatatlan tagja a 40 \u00e9ves m\u00faltra visszatekint\u0151 Park Strand. Partszakasza 500 m\u00e9ter hosszan ter\u00fcl el, amib\u0151l 200 m\u00e9ter kib\u00f3j\u00e1zott strandk\u00e9nt \u00fczemel.\u00a0<span style=\"font-family: 'Helvetica','sans-serif'; color: #666666;\">A separate section with a water depth of 90 cm is available for children, and from the summer of 2020, a slowly deepening sandy beach will ensure the experience of cloudless paddling!\u00a0<\/span>There are pedal boat and other water equipment rentals and buffets in the Strand area. On the beach, the Safety Service and lifeguard take care of maintaining safe bathing conditions. We operate a safe deposit box at the reception. The variable depth of the water - which, by the way, has a tested healing effect - is also excellent for swimming.<br \/>\n[\/et_pb_text][\/et_pb_column][\/et_pb_row][\/et_pb_section][et_pb_section fb_built=&#8221;1&#8243; disabled_on=&#8221;on|on|off&#8221; admin_label=&#8221;Features&#8221; _builder_version=&#8221;3.3.1&#8243; custom_margin=&#8221;|||&#8221; custom_padding=&#8221;0|0px|0|0px|true|false&#8221;][et_pb_row make_fullwidth=&#8221;on&#8221; use_custom_gutter=&#8221;on&#8221; gutter_width=&#8221;0&#8243; custom_padding=&#8221;0px||0px||true&#8221; custom_margin=&#8221;0px||0px||true&#8221; make_equal=&#8221;on&#8221; bg_img_1=&#8221;https:\/\/parkkemping.hu\/wp-content\/uploads\/2018\/07\/kenu1.jpg&#8221; disabled_on=&#8221;on|on|off&#8221; module_id=&#8221;miert&#8221; _builder_version=&#8221;3.6&#8243; background_color=&#8221;#f4f4f4&#8243;][et_pb_column type=&#8221;1_2&#8243; _builder_version=&#8221;3.0.47&#8243; bg_img=&#8221;https:\/\/parkkemping.hu\/wp-content\/uploads\/2018\/07\/kenu1.jpg&#8221; parallax=&#8221;off&#8221; parallax_method=&#8221;on&#8221;][\/et_pb_column][et_pb_column type=&#8221;1_2&#8243; _builder_version=&#8221;3.0.47&#8243; parallax=&#8221;off&#8221; parallax_method=&#8221;on&#8221;][et_pb_text module_id=&#8221;velenceito&#8221; _builder_version=&#8221;3.6&#8243; text_font=&#8221;||||||||&#8221; header_font=&#8221;PT Sans|700|||||||&#8221; header_text_align=&#8221;center&#8221; header_text_color=&#8221;#231f20&#8243; header_font_size=&#8221;25px&#8221; header_line_height=&#8221;1.8em&#8221; custom_margin=&#8221;50px|50px|50px|50px|true|true&#8221; custom_margin_tablet=&#8221;|||&#8221; custom_margin_last_edited=&#8221;off|desktop&#8221; custom_padding=&#8221;|||&#8221;]<\/p>\n<h3>Mi\u00e9rt a Velencei-t\u00f3?<\/h3>\n<p>Lake Velence is the third largest natural lake in Hungary. Thanks to its favorable natural and geographical features, it is one of the most popular resorts in our country. Thanks to the lake's excellent accessibility, it has a large fan base.<\/p>\n<p>Arriving at Lake Velence, everyone is immediately captivated by the sight of nature and the charm of the place.<br \/>\n[\/et_pb_text][\/et_pb_column][\/et_pb_row][et_pb_row make_fullwidth=&#8221;on&#8221; use_custom_gutter=&#8221;on&#8221; gutter_width=&#8221;0&#8243; custom_padding=&#8221;0px||0px||true&#8221; custom_padding_tablet=&#8221;|||&#8221; custom_margin=&#8221;0px||0px||true&#8221; make_equal=&#8221;on&#8221; custom_padding_last_edited=&#8221;on|desktop&#8221; bg_img_2=&#8221;https:\/\/parkkemping.hu\/wp-content\/uploads\/2018\/07\/sup.jpg&#8221; background_position_2=&#8221;bottom_center&#8221; background_blend_2=&#8221;normal&#8221; disabled_on=&#8221;on|on|off&#8221; module_id=&#8221;programok&#8221; _builder_version=&#8221;3.6&#8243;][et_pb_column type=&#8221;1_2&#8243; _builder_version=&#8221;3.0.47&#8243; parallax=&#8221;off&#8221; parallax_method=&#8221;on&#8221;][et_pb_text disabled_on=&#8221;on|off|off&#8221; module_id=&#8221;velenceito&#8221; _builder_version=&#8221;3.6&#8243; header_font=&#8221;PT Sans|700|||||||&#8221; header_text_align=&#8221;center&#8221; header_text_color=&#8221;#231f20&#8243; header_font_size=&#8221;25px&#8221; header_line_height=&#8221;1.8em&#8221; custom_margin=&#8221;50px|50px|50px|50px|true|true&#8221; custom_margin_tablet=&#8221;|||&#8221; custom_margin_phone=&#8221;|30px||30px&#8221; custom_margin_last_edited=&#8221;off|desktop&#8221; custom_padding=&#8221;|||&#8221;]<\/p>\n<h3><\/h3>\n<h3>Freetime activities<\/h3>\n<p>Thanks to Park Camping's proximity to nature, a multitude of leisure programs await you here. While hiking, you can visit the P\u00e1kozd Ing\u00f3k\u00f6v, the P\u00e1kozd Military Memorial Park, the Dinny\u00e9s Castle Park and Skanzen, but you can also cycle around Lake Velencei, and you can even rent a canoe or SUP nearby, which you can use to visit the reed islands floating on the lake.<\/p>\n<p>In addition, we can recommend the city center of Sz\u00e9kesfeh\u00e9rv\u00e1r to lovers of cultural programs, which can be reached in half an hour from Park Camping by bus, train and car.<\/p>\n<p>&nbsp;<br \/>\n[\/et_pb_text][\/et_pb_column][et_pb_column type=&#8221;1_2&#8243; _builder_version=&#8221;3.0.47&#8243; bg_img=&#8221;https:\/\/parkkemping.hu\/wp-content\/uploads\/2018\/07\/sup.jpg&#8221; parallax=&#8221;off&#8221; parallax_method=&#8221;on&#8221; background_position=&#8221;bottom_center&#8221; background_blend=&#8221;normal&#8221;][\/et_pb_column][\/et_pb_row][\/et_pb_section][et_pb_section fb_built=&#8221;1&#8243; disabled_on=&#8221;off|off|on&#8221; admin_label=&#8221;Features&#8221; _builder_version=&#8221;3.3.1&#8243; custom_margin=&#8221;|||&#8221; custom_padding=&#8221;0|0px|0|0px|true|false&#8221;][et_pb_row make_fullwidth=&#8221;on&#8221; use_custom_gutter=&#8221;on&#8221; gutter_width=&#8221;0&#8243; custom_padding=&#8221;0px||0px||true&#8221; custom_margin=&#8221;0px||0px||true&#8221; make_equal=&#8221;on&#8221; disabled_on=&#8221;off|off|off&#8221; _builder_version=&#8221;3.3.1&#8243; background_color=&#8221;#f4f4f4&#8243;][et_pb_column type=&#8221;1_2&#8243; _builder_version=&#8221;3.0.47&#8243; parallax=&#8221;off&#8221; parallax_method=&#8221;on&#8221;][et_pb_image src=&#8221;http:\/\/parkkemping.hu\/wp-content\/uploads\/2018\/05\/pexels-photo-205002.jpeg&#8221; _builder_version=&#8221;3.3.1&#8243;][\/et_pb_image][\/et_pb_column][et_pb_column type=&#8221;1_2&#8243; _builder_version=&#8221;3.0.47&#8243; parallax=&#8221;off&#8221; parallax_method=&#8221;on&#8221;][et_pb_text module_id=&#8221;velenceito&#8221; _builder_version=&#8221;3.3.1&#8243; text_font=&#8221;||||||||&#8221; header_font=&#8221;PT Sans|700|||||||&#8221; header_text_align=&#8221;center&#8221; header_text_color=&#8221;#231f20&#8243; header_font_size=&#8221;25px&#8221; header_line_height=&#8221;1.8em&#8221; custom_margin=&#8221;25px|25px|25px|25px|true|true&#8221; custom_margin_tablet=&#8221;|||&#8221; custom_margin_last_edited=&#8221;off|desktop&#8221; custom_padding=&#8221;|||&#8221;]<\/p>\n<h3>Mi\u00e9rt a Velencei-t\u00f3?<\/h3>\n<p>Lake Velence is the third largest natural lake in Hungary. Thanks to its favorable natural and geographical features, it is one of the most popular resorts in our country. Thanks to the lake's excellent accessibility, it has a large fan base.<\/p>\n<p>Arriving at Lake Velence, everyone is immediately captivated by the sight of nature and the charm of the place.<br \/>\n[\/et_pb_text][\/et_pb_column][\/et_pb_row][et_pb_row make_fullwidth=&#8221;on&#8221; use_custom_gutter=&#8221;on&#8221; gutter_width=&#8221;0&#8243; custom_padding=&#8221;0px||0px||true&#8221; custom_padding_tablet=&#8221;|||&#8221; custom_margin=&#8221;0px||0px||true&#8221; make_equal=&#8221;on&#8221; custom_padding_last_edited=&#8221;on|desktop&#8221; background_position_2=&#8221;bottom_center&#8221; background_blend_2=&#8221;normal&#8221; disabled_on=&#8221;off|off|off&#8221; _builder_version=&#8221;3.3.1&#8243;][et_pb_column type=&#8221;1_2&#8243; _builder_version=&#8221;3.0.47&#8243; parallax=&#8221;off&#8221; parallax_method=&#8221;on&#8221;][et_pb_image src=&#8221;http:\/\/parkkemping.hu\/wp-content\/uploads\/2018\/05\/csalad_kemping_szallas.jpg&#8221; _builder_version=&#8221;3.3.1&#8243;][\/et_pb_image][\/et_pb_column][et_pb_column type=&#8221;1_2&#8243; _builder_version=&#8221;3.0.47&#8243; parallax=&#8221;off&#8221; parallax_method=&#8221;on&#8221; background_position=&#8221;bottom_center&#8221; background_blend=&#8221;normal&#8221;][et_pb_text disabled_on=&#8221;off|off|off&#8221; module_id=&#8221;velenceito&#8221; _builder_version=&#8221;3.6&#8243; text_font=&#8221;||||||||&#8221; header_font=&#8221;PT Sans|700|||||||&#8221; header_text_align=&#8221;center&#8221; header_text_color=&#8221;#231f20&#8243; header_font_size=&#8221;25px&#8221; header_line_height=&#8221;1.8em&#8221; custom_margin=&#8221;25px|25px|25px|25px|true|true&#8221; custom_margin_tablet=&#8221;|||&#8221; custom_margin_phone=&#8221;|30px||30px&#8221; custom_margin_last_edited=&#8221;off|desktop&#8221; custom_padding=&#8221;|||&#8221;]<\/p>\n<h3>Freetime activities<\/h3>\n<p>A Park Kemping term\u00e9szetk\u00f6zelis\u00e9g\u00e9nek k\u00f6sz\u00f6nhet\u0151en szabadid\u0151s programok sokas\u00e1ga v\u00e1r itt r\u00e1tok. T\u00far\u00e1zva ell\u00e1togathattok a P\u00e1kozdi Ing\u00f3k\u00f6vekhez, a Katonai Eml\u00e9km\u0171h\u00f6z, k\u00f6rbebiziklizhetitek a Velencei-tavat, lehet\u0151s\u00e9getek van kenut, valamint SUP-ot b\u00e9relni, amellyel bej\u00e1rhatj\u00e1tok a tavon \u00fasz\u00f3 n\u00e1dszigeteket.<\/p>\n<p>In addition, we can recommend the city center of Sz\u00e9kesfeh\u00e9rv\u00e1r to lovers of cultural programs, which can be reached in half an hour from Park Camping by bus, train and car.<br \/>\n[\/et_pb_text][\/et_pb_column][\/et_pb_row][\/et_pb_section][et_pb_section fb_built=&#8221;1&#8243; module_id=&#8221;arak&#8221; _builder_version=&#8221;3.6&#8243; background_color=&#8221;#f2f2f2&#8243; custom_margin=&#8221;0px||0px|&#8221; custom_padding=&#8221;0px||20px|&#8221;][et_pb_row make_fullwidth=&#8221;on&#8221; use_custom_gutter=&#8221;on&#8221; gutter_width=&#8221;1&#8243; make_equal=&#8221;on&#8221; _builder_version=&#8221;3.6&#8243;][et_pb_column type=&#8221;4_4&#8243; _builder_version=&#8221;3.0.47&#8243; parallax=&#8221;off&#8221; parallax_method=&#8221;on&#8221;][et_pb_cta title=&#8221;Strand \u00e1rak&#8221; button_url=&#8221;https:\/\/parkkemping.hu\/strand-arak\/&#8221; button_text=&#8221;Tudd meg most 2025-\u00f6s \u00e1rainkat!&#8221; _builder_version=&#8221;3.6&#8243; header_font=&#8221;|700|||||||&#8221; header_text_color=&#8221;#000000&#8243; header_font_size=&#8221;40px&#8221; body_text_color=&#8221;#000000&#8243; body_font_size=&#8221;18px&#8221; body_font_size_phone=&#8221;15px&#8221; body_font_size_last_edited=&#8221;on|phone&#8221; use_background_color=&#8221;off&#8221; custom_button=&#8221;on&#8221; button_text_size=&#8221;25px&#8221; button_text_color=&#8221;#ffffff&#8221; button_bg_color=&#8221;#e09900&#8243; button_border_color=&#8221;rgba(0,0,0,0)&#8221; button_font=&#8221;|700|||||||&#8221; button_icon=&#8221;%%117%%&#8221; box_shadow_style_button=&#8221;preset1&#8243; background_layout=&#8221;light&#8221; custom_margin=&#8221;|150px||150px||true&#8221; custom_margin_phone=&#8221;|20px||20px||true&#8221; custom_margin_last_edited=&#8221;on|phone&#8221; custom_padding=&#8221;|150px||150px||true&#8221; custom_padding_phone=&#8221;|0px||0px||true&#8221; custom_padding_last_edited=&#8221;on|phone&#8221;]L\u00e1togassatok meg minket id\u00e9n ny\u00e1ron \u00e9s pihenjetek a <b>at the renewed Park Beach and Camping<\/b>\u00a0at Lake Velence!<br \/>\n[\/et_pb_cta][\/et_pb_column][\/et_pb_row][\/et_pb_section]<\/p>","protected":false},"excerpt":{"rendered":"<p>[et_pb_section fb_built=&#8221;1&#8243; custom_padding_last_edited=&#8221;on|desktop&#8221; _builder_version=&#8221;3.3.1&#8243; background_color=&#8221;rgba(0,0,0,0.66)&#8221; background_image=&#8221;https:\/\/parkkemping.hu\/wp-content\/uploads\/2018\/05\/park_strand_kemping.jpg&#8221; background_blend=&#8221;overlay&#8221; custom_padding=&#8221;135px||135px||true&#8221; custom_padding_phone=&#8221;50px||50px||true&#8221;][et_pb_row custom_padding=&#8221;|||&#8221; custom_padding_phone=&#8221;50px|0px|50px|0px&#8221; custom_padding_last_edited=&#8221;off|desktop&#8221; admin_label=&#8221;row&#8221; _builder_version=&#8221;3.2.2&#8243; background_position=&#8221;bottom_center&#8221;][et_pb_column type=&#8221;4_4&#8243; _builder_version=&#8221;3.0.47&#8243; parallax=&#8221;off&#8221; parallax_method=&#8221;on&#8221;][et_pb_text admin_label=&#8221;Text&#8221; module_class=&#8221;secheader&#8221; _builder_version=&#8221;3.6&#8243; header_font=&#8221;Pacifico||||||||&#8221; header_text_color=&#8221;#ffffff&#8221; header_font_size_phone=&#8221;36px&#8221; header_font_size_last_edited=&#8221;on|phone&#8221;] Velencei-t\u00f3 Park Strand [\/et_pb_text][\/et_pb_column][\/et_pb_row][\/et_pb_section][et_pb_section fb_built=&#8221;1&#8243; fullwidth=&#8221;on&#8221; disabled_on=&#8221;on|on|off&#8221; module_id=&#8221;sticker&#8221; module_class=&#8221;sticker&#8221; _builder_version=&#8221;3.3.1&#8243; background_color=&#8221;#f4f4f4&#8243; module_alignment=&#8221;center&#8221; custom_padding=&#8221;0px|0px|25px|0px&#8221;][et_pb_fullwidth_menu menu_id=&#8221;13&#8243; submenu_direction=&#8221;downwards&#8221; fullwidth_menu=&#8221;off&#8221; active_link_color=&#8221;#5da58d&#8221; module_class=&#8221;oldalmenu&#8221; _builder_version=&#8221;3.6&#8243; menu_font=&#8221;PT Sans|700|||||||&#8221; menu_font_size=&#8221;16px&#8221; background_color=&#8221;#f4f4f4&#8243; text_orientation=&#8221;center&#8221; module_alignment=&#8221;center&#8221;][\/et_pb_fullwidth_menu][\/et_pb_section][et_pb_section fb_built=&#8221;1&#8243; _builder_version=&#8221;3.2.2&#8243; custom_padding=&#8221;|||&#8221;][et_pb_row custom_padding=&#8221;|||&#8221; [&hellip;]<\/p>","protected":false},"author":8,"featured_media":0,"parent":0,"menu_order":0,"comment_status":"closed","ping_status":"closed","template":"","meta":[],"_links":{"self":[{"href":"https:\/\/parkkemping.hu\/en\/wp-json\/wp\/v2\/pages\/9"}],"collection":[{"href":"https:\/\/parkkemping.hu\/en\/wp-json\/wp\/v2\/pages"}],"about":[{"href":"https:\/\/parkkemping.hu\/en\/wp-json\/wp\/v2\/types\/page"}],"author":[{"embeddable":true,"href":"https:\/\/parkkemping.hu\/en\/wp-json\/wp\/v2\/users\/8"}],"replies":[{"embeddable":true,"href":"https:\/\/parkkemping.hu\/en\/wp-json\/wp\/v2\/comments?post=9"}],"version-history":[{"count":115,"href":"https:\/\/parkkemping.hu\/en\/wp-json\/wp\/v2\/pages\/9\/revisions"}],"predecessor-version":[{"id":3912,"href":"https:\/\/parkkemping.hu\/en\/wp-json\/wp\/v2\/pages\/9\/revisions\/3912"}],"wp:attachment":[{"href":"https:\/\/parkkemping.hu\/en\/wp-json\/wp\/v2\/media?parent=9"}],"curies":[{"name":"wp","href":"https:\/\/api.w.org\/{rel}","templated":true}]}}